{"id":2107,"date":"2021-06-17T20:08:55","date_gmt":"2021-06-17T20:08:55","guid":{"rendered":"https:\/\/damwatchinternational.org\/recursos\/e-newsletters\/"},"modified":"2021-07-14T15:47:05","modified_gmt":"2021-07-14T15:47:05","slug":"e-newsletters","status":"publish","type":"page","link":"https:\/\/damwatchinternational.org\/pt-br\/recursos\/e-newsletters\/","title":{"rendered":"Boletim eletr\u00f4nico"},"content":{"rendered":"<body><div id=\"pl-2107\" class=\"panel-layout\"><div id=\"pg-2107-0\" class=\"panel-grid panel-no-style\"><div id=\"pgc-2107-0-0\" class=\"panel-grid-cell\"><div id=\"panel-2107-0-0-0\" class=\"so-panel widget widget_sow-editor panel-first-child panel-last-child\" data-index=\"0\"><div class=\"so-widget-sow-editor so-widget-sow-editor-base\">\n<div class=\"siteorigin-widget-tinymce textwidget\">\n\t<p><\/p>\n<p>Nossa newsletter traz hist\u00f3rias, not\u00edcias, eventos e oportunidades de nossas conex\u00f5es ao redor do mundo. Aceitamos submiss\u00f5es de conte\u00fado relacionado ao desenvolvimento de barragens e respostas da comunidade.\u00a0Para contribuir e enviar conte\u00fado para nossa newsletter escreva para: <span style=\"color: #2f93c8;\">info@damwatchinternational.org<\/span>.\u00a0Confira nossas edi\u00e7\u00f5es anteriores ou inscreva-se abaixo.<\/p>\n<p>\u00a0<\/p>\n<p><\/p>\n<\/div>\n<\/div><\/div><\/div><\/div><div id=\"pg-2107-1\" class=\"panel-grid panel-no-style\"><div id=\"pgc-2107-1-0\" class=\"panel-grid-cell\"><div id=\"panel-2107-1-0-0\" class=\"so-panel widget widget_sow-editor panel-first-child\" data-index=\"1\"><div class=\"so-widget-sow-editor so-widget-sow-editor-base\">\n<div class=\"siteorigin-widget-tinymce textwidget\">\n\t<p><\/p>\n<p><strong>E-NEWSLETTER NO.2- 18 DE MAIO DE 2021<\/strong><\/p>\n<p><a href=\"https:\/\/mailchi.mp\/cd812725e70a\/boletim-de-maio-2021?e=%5BUNIQID%5D\" target=\"_blank\" rel=\"noopener\"><img data-recalc-dims=\"1\" loading=\"lazy\" decoding=\"async\" class=\"alignnone wp-image-2110 size-medium\" src=\"https:\/\/i0.wp.com\/damwatchinternational.org\/wp-content\/uploads\/2021\/07\/Screen-Shot-2021-07-14-at-10.42.42-AM.png?resize=300%2C276&amp;ssl=1\" alt=\"\" width=\"300\" height=\"276\" srcset=\"https:\/\/i0.wp.com\/damwatchinternational.org\/wp-content\/uploads\/2021\/07\/Screen-Shot-2021-07-14-at-10.42.42-AM.png?resize=300%2C276&amp;ssl=1 300w, https:\/\/i0.wp.com\/damwatchinternational.org\/wp-content\/uploads\/2021\/07\/Screen-Shot-2021-07-14-at-10.42.42-AM.png?resize=1024%2C941&amp;ssl=1 1024w, https:\/\/i0.wp.com\/damwatchinternational.org\/wp-content\/uploads\/2021\/07\/Screen-Shot-2021-07-14-at-10.42.42-AM.png?resize=768%2C706&amp;ssl=1 768w, https:\/\/i0.wp.com\/damwatchinternational.org\/wp-content\/uploads\/2021\/07\/Screen-Shot-2021-07-14-at-10.42.42-AM.png?resize=958%2C881&amp;ssl=1 958w, https:\/\/i0.wp.com\/damwatchinternational.org\/wp-content\/uploads\/2021\/07\/Screen-Shot-2021-07-14-at-10.42.42-AM.png?w=1166&amp;ssl=1 1166w\" sizes=\"auto, (max-width: 300px) 100vw, 300px\"><\/a><\/p>\n<p>\u00a0<\/p>\n<p><\/p>\n<\/div>\n<\/div><\/div><div id=\"panel-2107-1-0-1\" class=\"so-panel widget widget_sow-editor panel-last-child\" data-index=\"2\"><div class=\"so-widget-sow-editor so-widget-sow-editor-base\">\n<div class=\"siteorigin-widget-tinymce textwidget\">\n\t<p><\/p>\n<p><!-- Begin Mailchimp Signup Form --><\/p>\n<div id=\"mc_embed_signup\">\n<form id=\"mc-embedded-subscribe-form\" class=\"validate\" action=\"https:\/\/hydroallaince.us1.list-manage.com\/subscribe\/post?u=053b62279527762e49168989c&amp;id=fbb45ddb85\" method=\"post\" name=\"mc-embedded-subscribe-form\" novalidate=\"\" target=\"_blank\">\n<div id=\"mc_embed_signup_scroll\">\n<h4><strong>Junte-se \u00e0 nossa lista de e-newsletter para hist\u00f3rias, not\u00edcias e oportunidades!<\/strong><\/h4>\n<div class=\"indicates-required\"><span class=\"asterisk\">*<\/span> indicates required<\/div>\n<div class=\"mc-field-group\"><label for=\"mce-EMAIL\">Email Address <span class=\"asterisk\">*<\/span><br>\n<\/label><br>\n<input id=\"mce-EMAIL\" class=\"required email\" name=\"EMAIL\" type=\"email\" value=\"\"><\/div>\n<div class=\"mc-field-group\"><label for=\"mce-FNAME\">First Name <span class=\"asterisk\">*<\/span><br>\n<\/label><br>\n<input id=\"mce-FNAME\" class=\"required\" name=\"FNAME\" type=\"text\" value=\"\"><\/div>\n<div class=\"mc-field-group\"><label for=\"mce-LNAME\">Last Name <span class=\"asterisk\">*<\/span><br>\n<\/label><br>\n<input id=\"mce-LNAME\" class=\"required\" name=\"LNAME\" type=\"text\" value=\"\"><\/div>\n<div id=\"mce-responses\" class=\"clear\">\n<div id=\"mce-error-response\" class=\"response\" style=\"display: none;\"><\/div>\n<div id=\"mce-success-response\" class=\"response\" style=\"display: none;\"><\/div>\n<\/div>\n<p><!-- real people should not fill this in and expect good things - do not remove this or risk form bot signups--><\/p>\n<div style=\"position: absolute; left: -5000px;\" aria-hidden=\"true\"><input tabindex=\"-1\" name=\"b_053b62279527762e49168989c_fbb45ddb85\" type=\"text\" value=\"\"><\/div>\n<div class=\"clear\"><input id=\"mc-embedded-subscribe\" class=\"button\" name=\"subscribe\" type=\"submit\" value=\"Subscribe\"><\/div>\n<\/div>\n<\/form>\n<\/div>\n<p><script type=\"text\/javascript\" src=\"\/\/s3.amazonaws.com\/downloads.mailchimp.com\/js\/mc-validate.js\"><\/script><script type=\"text\/javascript\">(function($) {window.fnames = new Array(); window.ftypes = new Array();fnames[0]='EMAIL';ftypes[0]='email';fnames[1]='FNAME';ftypes[1]='text';fnames[2]='LNAME';ftypes[2]='text';fnames[3]='ADDRESS';ftypes[3]='address';fnames[4]='PHONE';ftypes[4]='phone';}(jQuery));var $mcj = jQuery.noConflict(true);<\/script><br>\n<!--End mc_embed_signup--><\/p>\n<p><\/p>\n<\/div>\n<\/div><\/div><\/div><div id=\"pgc-2107-1-1\" class=\"panel-grid-cell\"><div id=\"panel-2107-1-1-0\" class=\"so-panel widget widget_sow-editor panel-first-child panel-last-child\" data-index=\"3\"><div class=\"so-widget-sow-editor so-widget-sow-editor-base\">\n<div class=\"siteorigin-widget-tinymce textwidget\">\n\t<p><\/p>\n<p><strong>E-NEWSLETTER NO.1 - 22 de MAR\u00c7O DE 2021<\/strong><\/p>\n<p><a href=\"https:\/\/mailchi.mp\/a39e3344737b\/damwatchinternationalboletim1\" target=\"_blank\" rel=\"noopener\"><img data-recalc-dims=\"1\" loading=\"lazy\" decoding=\"async\" class=\"alignnone wp-image-2113 size-medium\" src=\"https:\/\/i0.wp.com\/damwatchinternational.org\/wp-content\/uploads\/2021\/07\/Screen-Shot-2021-07-14-at-10.46.01-AM.png?resize=300%2C265&amp;ssl=1\" alt=\"\" width=\"300\" height=\"265\" srcset=\"https:\/\/i0.wp.com\/damwatchinternational.org\/wp-content\/uploads\/2021\/07\/Screen-Shot-2021-07-14-at-10.46.01-AM.png?resize=300%2C265&amp;ssl=1 300w, https:\/\/i0.wp.com\/damwatchinternational.org\/wp-content\/uploads\/2021\/07\/Screen-Shot-2021-07-14-at-10.46.01-AM.png?resize=1024%2C903&amp;ssl=1 1024w, https:\/\/i0.wp.com\/damwatchinternational.org\/wp-content\/uploads\/2021\/07\/Screen-Shot-2021-07-14-at-10.46.01-AM.png?resize=768%2C677&amp;ssl=1 768w, https:\/\/i0.wp.com\/damwatchinternational.org\/wp-content\/uploads\/2021\/07\/Screen-Shot-2021-07-14-at-10.46.01-AM.png?resize=958%2C845&amp;ssl=1 958w, https:\/\/i0.wp.com\/damwatchinternational.org\/wp-content\/uploads\/2021\/07\/Screen-Shot-2021-07-14-at-10.46.01-AM.png?w=1204&amp;ssl=1 1204w\" sizes=\"auto, (max-width: 300px) 100vw, 300px\"><\/a><\/p>\n<p>\u00a0<\/p>\n<p>\u00a0<\/p>\n<p>\u00a0<\/p>\n<p><\/p>\n<\/div>\n<\/div><\/div><\/div><\/div><\/div><\/body>","protected":false},"excerpt":{"rendered":"<p>Nossa newsletter traz hist\u00f3rias, not\u00edcias, eventos e oportunidades de nossas conex\u00f5es ao redor do mundo. Aceitamos submiss\u00f5es de conte\u00fado relacionado ao desenvolvimento de barragens e respostas da comunidade.\u00a0Para contribuir e enviar conte\u00fado para nossa newsletter escreva para: info@damwatchinternational.org.\u00a0Confira nossas edi\u00e7\u00f5es anteriores ou inscreva-se abaixo. &nbsp; E-NEWSLETTER NO.2- 18 DE MAIO DE 2021 &nbsp; Junte-se \u00e0 [&hellip;]<\/p>\n","protected":false},"author":3,"featured_media":0,"parent":1141,"menu_order":1,"comment_status":"closed","ping_status":"closed","template":"","meta":{"_acf_changed":false,"om_disable_all_campaigns":false,"_monsterinsights_skip_tracking":false,"_monsterinsights_sitenote_active":false,"_monsterinsights_sitenote_note":"","_monsterinsights_sitenote_category":0,"footnotes":""},"class_list":["post-2107","page","type-page","status-publish","hentry"],"acf":[],"jetpack_sharing_enabled":true,"_links":{"self":[{"href":"https:\/\/damwatchinternational.org\/pt-br\/wp-json\/wp\/v2\/pages\/2107","targetHints":{"allow":["GET"]}}],"collection":[{"href":"https:\/\/damwatchinternational.org\/pt-br\/wp-json\/wp\/v2\/pages"}],"about":[{"href":"https:\/\/damwatchinternational.org\/pt-br\/wp-json\/wp\/v2\/types\/page"}],"author":[{"embeddable":true,"href":"https:\/\/damwatchinternational.org\/pt-br\/wp-json\/wp\/v2\/users\/3"}],"replies":[{"embeddable":true,"href":"https:\/\/damwatchinternational.org\/pt-br\/wp-json\/wp\/v2\/comments?post=2107"}],"version-history":[{"count":3,"href":"https:\/\/damwatchinternational.org\/pt-br\/wp-json\/wp\/v2\/pages\/2107\/revisions"}],"predecessor-version":[{"id":2116,"href":"https:\/\/damwatchinternational.org\/pt-br\/wp-json\/wp\/v2\/pages\/2107\/revisions\/2116"}],"up":[{"embeddable":true,"href":"https:\/\/damwatchinternational.org\/pt-br\/wp-json\/wp\/v2\/pages\/1141"}],"wp:attachment":[{"href":"https:\/\/damwatchinternational.org\/pt-br\/wp-json\/wp\/v2\/media?parent=2107"}],"curies":[{"name":"wp","href":"https:\/\/api.w.org\/{rel}","templated":true}]}}