{"id":1375,"date":"2020-10-30T18:59:30","date_gmt":"2020-10-30T18:59:30","guid":{"rendered":"https:\/\/damwatchinternational.org\/?page_id=1375"},"modified":"2020-11-26T19:57:46","modified_gmt":"2020-11-26T19:57:46","slug":"pagina-de-inicio-portugues","status":"publish","type":"page","link":"https:\/\/damwatchinternational.org\/pt-br\/","title":{"rendered":"P\u00e1gina de in\u00edcio &#8211; Portugu\u00eas"},"content":{"rendered":"<body><div id=\"pl-1375\" class=\"panel-layout\"><div id=\"pg-1375-0\" class=\"panel-grid panel-has-style\"><div class=\"siteorigin-panels-stretch panel-row-style panel-row-style-for-1375-0\" data-stretch-type=\"full-stretched\"><div id=\"pgc-1375-0-0\" class=\"panel-grid-cell\"><div id=\"panel-1375-0-0-0\" class=\"so-panel widget widget_text panel-first-child panel-last-child\" data-index=\"0\"><div class=\"panel-widget-style panel-widget-style-for-1375-0-0-0\"><h3 class=\"widget-title\">Rede de Alian\u00e7as<\/h3>\t\t\t<div class=\"textwidget\"><p><\/p>\n<p class=\"p1\"><span class=\"s1\">Somos uma rede em desenvolvimento de alian\u00e7as e parcerias. Aqui est\u00e3o algumas das conex\u00f5es que temos atualmente com indiv\u00edduos e organiza\u00e7\u00f5es que lutam contra o desenvolvimento de barragens.<\/span><\/p>\n<p><\/p>\n<\/div>\n\t\t<\/div><\/div><\/div><div id=\"pgc-1375-0-1\" class=\"panel-grid-cell\"><div id=\"panel-1375-0-1-0\" class=\"so-panel widget widget_black-studio-tinymce widget_black_studio_tinymce panel-first-child panel-last-child\" data-index=\"1\"><div class=\"textwidget\"><p><iframe loading=\"lazy\" src=\"https:\/\/www.google.com\/maps\/d\/embed?mid=1zxtACBi5xICXOf1zXi_VZlTmdBit8QcJ&amp;hl=en\" width=\"1800\" height=\"450\"><\/iframe><\/p>\n<\/div><\/div><\/div><\/div><\/div><div id=\"pg-1375-1\" class=\"panel-grid panel-has-style\"><div class=\"siteorigin-panels-stretch panel-row-style panel-row-style-for-1375-1\" data-stretch-type=\"full-stretched\"><div id=\"pgc-1375-1-0\" class=\"panel-grid-cell\"><div id=\"panel-1375-1-0-0\" class=\"so-panel widget widget_black-studio-tinymce widget_black_studio_tinymce panel-first-child\" data-index=\"2\"><div class=\"panel-widget-style panel-widget-style-for-1375-1-0-0\"><div class=\"textwidget\"><h3 class=\"p1\" style=\"text-align: center;\"><span class=\"s1\" style=\"color: #ffffff;\">Dam Watch International (DWI) \u00e9 uma rede de alian\u00e7as internacionais em evolu\u00e7\u00e3o, de comunidades afetadas pelos impactos h\u00eddricos que re\u00fane pesquisadores, ativistas, artistas, defensores e organiza\u00e7\u00f5es de justi\u00e7a social e ambiental. Este site funciona como uma plataforma para compartilhar recursos, hist\u00f3rias e conhecimento para apoiar a resist\u00eancia ao desenvolvimento de barragens hidrel\u00e9tricas, especialmente em comunidades ind\u00edgenas em todo o mundo.<\/span><\/h3>\n<\/div><\/div><\/div><div id=\"panel-1375-1-0-1\" class=\"so-panel widget widget_rev-slider-widget widget_revslider panel-last-child\" data-index=\"3\"><\/div><\/div><\/div><\/div><div id=\"pg-1375-2\" class=\"panel-grid panel-no-style\"><div id=\"pgc-1375-2-0\" class=\"panel-grid-cell\"><div id=\"panel-1375-2-0-0\" class=\"so-panel widget widget_sow-icon panel-first-child\" data-index=\"4\"><div class=\"so-widget-sow-icon so-widget-sow-icon-default-4ceb9783970d-1375\">\n<div class=\"sow-icon-container sow-icon\">\n\t\t\t<a href=\"https:\/\/damwatchinternational.org\/pt-br\/tag2020\/impactos-das-barragens\/\">\n\t\t\t<span class=\"sow-icon-ionicons\" data-sow-icon=\"\uf100\" title=\"Impactos das Barragens\" aria-hidden=\"true\"><\/span>\t\t\t<\/a>\n\t<\/div>\n<\/div><\/div><div id=\"panel-1375-2-0-1\" class=\"so-panel widget widget_black-studio-tinymce widget_black_studio_tinymce panel-last-child\" data-index=\"5\"><div class=\"textwidget\"><h3 style=\"text-align: center;\"><a href=\"https:\/\/damwatchinternational.org\/pt-br\/tag2020\/impactos-das-barragens\/\" target=\"_blank\" rel=\"noopener\">Impactos das Barragens<\/a><\/h3>\n<\/div><\/div><\/div><div id=\"pgc-1375-2-1\" class=\"panel-grid-cell\"><div id=\"panel-1375-2-1-0\" class=\"so-panel widget widget_sow-icon panel-first-child\" data-index=\"6\"><div class=\"so-widget-sow-icon so-widget-sow-icon-default-4ceb9783970d-1375\">\n<div class=\"sow-icon-container sow-icon\">\n\t\t\t<a href=\"https:\/\/damwatchinternational.org\/pt-br\/tag2020\/resistencia-da-comunidade\/\">\n\t\t\t<span class=\"sow-icon-ionicons\" data-sow-icon=\"\uf2e3\" title=\"Resist\u00eancia Comunit\u00e1ria\" aria-hidden=\"true\"><\/span>\t\t\t<\/a>\n\t<\/div>\n<\/div><\/div><div id=\"panel-1375-2-1-1\" class=\"so-panel widget widget_black-studio-tinymce widget_black_studio_tinymce panel-last-child\" data-index=\"7\"><div class=\"textwidget\"><h3 style=\"text-align: center;\"><a href=\"https:\/\/damwatchinternational.org\/pt-br\/tag2020\/resistencia-da-comunidade\/\" target=\"_blank\" rel=\"noopener\">Resist\u00eancia Comunit\u00e1ria<\/a><\/h3>\n<\/div><\/div><\/div><div id=\"pgc-1375-2-2\" class=\"panel-grid-cell\"><div id=\"panel-1375-2-2-0\" class=\"so-panel widget widget_sow-icon panel-first-child\" data-index=\"8\"><div class=\"so-widget-sow-icon so-widget-sow-icon-default-4ceb9783970d-1375\">\n<div class=\"sow-icon-container sow-icon\">\n\t\t\t<a href=\"https:\/\/damwatchinternational.org\/pt-br\/tag2020\/corporacoes\/\">\n\t\t\t<span class=\"sow-icon-ionicons\" data-sow-icon=\"\uf353\" title=\"Corpora\u00e7\u00f5es \" aria-hidden=\"true\"><\/span>\t\t\t<\/a>\n\t<\/div>\n<\/div><\/div><div id=\"panel-1375-2-2-1\" class=\"so-panel widget widget_black-studio-tinymce widget_black_studio_tinymce panel-last-child\" data-index=\"9\"><div class=\"textwidget\"><h3 style=\"text-align: center;\"><a href=\"https:\/\/damwatchinternational.org\/pt-br\/tag2020\/corporacoes\/\" target=\"_blank\" rel=\"noopener\">Corpora\u00e7\u00f5es<\/a><\/h3>\n<\/div><\/div><\/div><div id=\"pgc-1375-2-3\" class=\"panel-grid-cell\"><div id=\"panel-1375-2-3-0\" class=\"so-panel widget widget_sow-icon panel-first-child\" data-index=\"10\"><div class=\"so-widget-sow-icon so-widget-sow-icon-default-4ceb9783970d-1375\">\n<div class=\"sow-icon-container sow-icon\">\n\t\t\t<a href=\"https:\/\/damwatchinternational.org\/pt-br\/tag2020\/vida-selvagem\/\">\n\t\t\t<span class=\"sow-icon-ionicons\" data-sow-icon=\"\uf25b\" title=\"\u00c1gua \u00e9 vida\" aria-hidden=\"true\"><\/span>\t\t\t<\/a>\n\t<\/div>\n<\/div><\/div><div id=\"panel-1375-2-3-1\" class=\"so-panel widget widget_black-studio-tinymce widget_black_studio_tinymce panel-last-child\" data-index=\"11\"><div class=\"textwidget\"><h3 class=\"p1\" style=\"text-align: center;\"><a href=\"https:\/\/damwatchinternational.org\/pt-br\/tag2020\/vida-selvagem\/\"><span class=\"s1\">\u00c1gua \u00e9 vida<\/span><\/a><\/h3>\n<\/div><\/div><\/div><\/div><\/div><\/body>","protected":false},"excerpt":{"rendered":"<p>Somos uma rede em desenvolvimento de alian\u00e7as e parcerias. Aqui est\u00e3o algumas das conex\u00f5es que temos atualmente com indiv\u00edduos e organiza\u00e7\u00f5es que lutam contra o desenvolvimento de barragens. Dam Watch International (DWI) \u00e9 uma rede de alian\u00e7as internacionais em evolu\u00e7\u00e3o, de comunidades afetadas pelos impactos h\u00eddricos que re\u00fane pesquisadores, ativistas, artistas, defensores e organiza\u00e7\u00f5es de [&hellip;]<\/p>\n","protected":false},"author":1,"featured_media":0,"parent":0,"menu_order":0,"comment_status":"closed","ping_status":"closed","template":"","meta":{"_acf_changed":false,"om_disable_all_campaigns":false,"_monsterinsights_skip_tracking":false,"_monsterinsights_sitenote_active":false,"_monsterinsights_sitenote_note":"","_monsterinsights_sitenote_category":0,"footnotes":""},"class_list":["post-1375","page","type-page","status-publish","hentry"],"acf":[],"jetpack_sharing_enabled":true,"_links":{"self":[{"href":"https:\/\/damwatchinternational.org\/pt-br\/wp-json\/wp\/v2\/pages\/1375","targetHints":{"allow":["GET"]}}],"collection":[{"href":"https:\/\/damwatchinternational.org\/pt-br\/wp-json\/wp\/v2\/pages"}],"about":[{"href":"https:\/\/damwatchinternational.org\/pt-br\/wp-json\/wp\/v2\/types\/page"}],"author":[{"embeddable":true,"href":"https:\/\/damwatchinternational.org\/pt-br\/wp-json\/wp\/v2\/users\/1"}],"replies":[{"embeddable":true,"href":"https:\/\/damwatchinternational.org\/pt-br\/wp-json\/wp\/v2\/comments?post=1375"}],"version-history":[{"count":6,"href":"https:\/\/damwatchinternational.org\/pt-br\/wp-json\/wp\/v2\/pages\/1375\/revisions"}],"predecessor-version":[{"id":1540,"href":"https:\/\/damwatchinternational.org\/pt-br\/wp-json\/wp\/v2\/pages\/1375\/revisions\/1540"}],"wp:attachment":[{"href":"https:\/\/damwatchinternational.org\/pt-br\/wp-json\/wp\/v2\/media?parent=1375"}],"curies":[{"name":"wp","href":"https:\/\/api.w.org\/{rel}","templated":true}]}}