{"id":1302,"date":"2020-10-28T01:12:23","date_gmt":"2020-10-28T01:12:23","guid":{"rendered":"https:\/\/damwatchinternational.org\/?page_id=1302"},"modified":"2020-10-28T22:53:20","modified_gmt":"2020-10-28T22:53:20","slug":"ferramentas","status":"publish","type":"page","link":"https:\/\/damwatchinternational.org\/pt-br\/recursos\/ferramentas\/","title":{"rendered":"Ferramentas"},"content":{"rendered":"<body><div id=\"pl-1302\" class=\"panel-layout\"><div id=\"pg-1302-0\" class=\"panel-grid panel-no-style\"><div id=\"pgc-1302-0-0\" class=\"panel-grid-cell\"><div id=\"panel-1302-0-0-0\" class=\"so-panel widget widget_black-studio-tinymce widget_black_studio_tinymce panel-first-child panel-last-child\" data-index=\"0\"><div class=\"textwidget\"><p><a href=\"http:\/\/hydroimpacted.ca\/immediate-actions\/\"><img decoding=\"async\" data-recalc-dims=\"1\" class=\"alignleft wp-image-416 size-medium\" src=\"https:\/\/i0.wp.com\/damwatchinternational.org\/wp-content\/uploads\/2020\/07\/community-action-package.png?resize=232%2C300&amp;ssl=1\" alt=\"\" width=\"232\" height=\"300\" loading=\"lazy\" srcset=\"https:\/\/i0.wp.com\/damwatchinternational.org\/wp-content\/uploads\/2020\/07\/community-action-package.png?w=920&amp;ssl=1 920w, https:\/\/i0.wp.com\/damwatchinternational.org\/wp-content\/uploads\/2020\/07\/community-action-package.png?resize=232%2C300&amp;ssl=1 232w, https:\/\/i0.wp.com\/damwatchinternational.org\/wp-content\/uploads\/2020\/07\/community-action-package.png?resize=792%2C1024&amp;ssl=1 792w, https:\/\/i0.wp.com\/damwatchinternational.org\/wp-content\/uploads\/2020\/07\/community-action-package.png?resize=768%2C993&amp;ssl=1 768w\" sizes=\"auto, (max-width: 232px) 100vw, 232px\" \/><\/a> Existem muitas maneiras diferentes de se envolver na a\u00e7\u00e3o comunit\u00e1ria. O pacote de A\u00e7\u00e3o da Comunidade Wa Ni Ska Tan, encontrado <a href=\"http:\/\/hydroimpacted.ca\/immediate-actions\/\">aqui<\/a>, \u00e9 um excelente guia para escrever cartas, organizar eventos e se envolver em campanhas locais.<\/p>\n<h3 class=\"p1\"><span class=\"s1\">Fique atento a novos conte\u00fados em breve!<\/span><\/h3>\n<p class=\"p1\"><span class=\"s1\">Se voc\u00ea tiver ferramentas para compartilhar, entre em contato com <\/span><span style=\"color: #dba245;\"><a style=\"color: #dba245;\" href=\"mailto:info@damwatchinternational.org\">info@damwatchinternational.org <\/a><\/span><span class=\"s1\">ou preencha o formul\u00e1rio de contato <\/span><a href=\"https:\/\/damwatchinternational.org\/pt-br\/contato\/\">aqui<\/a>.<\/p>\n<\/div><\/div><\/div><\/div><\/div><\/body>","protected":false},"excerpt":{"rendered":"<p>Existem muitas maneiras diferentes de se envolver na a\u00e7\u00e3o comunit\u00e1ria. O pacote de A\u00e7\u00e3o da Comunidade Wa Ni Ska Tan, encontrado aqui, \u00e9 um excelente guia para escrever cartas, organizar eventos e se envolver em campanhas locais. Fique atento a novos conte\u00fados em breve! Se voc\u00ea tiver ferramentas para compartilhar, entre em contato com info@damwatchinternational.org [&hellip;]<\/p>\n","protected":false},"author":1,"featured_media":0,"parent":1141,"menu_order":3,"comment_status":"closed","ping_status":"closed","template":"","meta":{"_acf_changed":false,"om_disable_all_campaigns":false,"_monsterinsights_skip_tracking":false,"_monsterinsights_sitenote_active":false,"_monsterinsights_sitenote_note":"","_monsterinsights_sitenote_category":0,"footnotes":""},"class_list":["post-1302","page","type-page","status-publish","hentry"],"acf":[],"jetpack_sharing_enabled":true,"_links":{"self":[{"href":"https:\/\/damwatchinternational.org\/pt-br\/wp-json\/wp\/v2\/pages\/1302","targetHints":{"allow":["GET"]}}],"collection":[{"href":"https:\/\/damwatchinternational.org\/pt-br\/wp-json\/wp\/v2\/pages"}],"about":[{"href":"https:\/\/damwatchinternational.org\/pt-br\/wp-json\/wp\/v2\/types\/page"}],"author":[{"embeddable":true,"href":"https:\/\/damwatchinternational.org\/pt-br\/wp-json\/wp\/v2\/users\/1"}],"replies":[{"embeddable":true,"href":"https:\/\/damwatchinternational.org\/pt-br\/wp-json\/wp\/v2\/comments?post=1302"}],"version-history":[{"count":5,"href":"https:\/\/damwatchinternational.org\/pt-br\/wp-json\/wp\/v2\/pages\/1302\/revisions"}],"predecessor-version":[{"id":1347,"href":"https:\/\/damwatchinternational.org\/pt-br\/wp-json\/wp\/v2\/pages\/1302\/revisions\/1347"}],"up":[{"embeddable":true,"href":"https:\/\/damwatchinternational.org\/pt-br\/wp-json\/wp\/v2\/pages\/1141"}],"wp:attachment":[{"href":"https:\/\/damwatchinternational.org\/pt-br\/wp-json\/wp\/v2\/media?parent=1302"}],"curies":[{"name":"wp","href":"https:\/\/api.w.org\/{rel}","templated":true}]}}