{"id":1289,"date":"2020-10-27T22:35:39","date_gmt":"2020-10-27T22:35:39","guid":{"rendered":"https:\/\/damwatchinternational.org\/?page_id=1289"},"modified":"2020-10-28T22:45:10","modified_gmt":"2020-10-28T22:45:10","slug":"por-que-as-barragens-sao-tao-prejudiciais","status":"publish","type":"page","link":"https:\/\/damwatchinternational.org\/pt-br\/recursos\/por-que-as-barragens-sao-tao-prejudiciais\/","title":{"rendered":"Por que as barragens s\u00e3o t\u00e3o prejudiciais?"},"content":{"rendered":"<body><div id=\"pl-1289\" class=\"panel-layout\"><div id=\"pg-1289-0\" class=\"panel-grid panel-no-style\"><div id=\"pgc-1289-0-0\" class=\"panel-grid-cell\"><div id=\"panel-1289-0-0-0\" class=\"so-panel widget widget_black-studio-tinymce widget_black_studio_tinymce panel-first-child\" data-index=\"0\"><h3 class=\"widget-title\">Impactos e problemas de barragens<\/h3><div class=\"textwidget\"><p class=\"p1\"><span class=\"s1\">Apesar das alega\u00e7\u00f5es de pol\u00edticos e das grandes ind\u00fastrias de que a energia hidrel\u00e9trica \u00e9 \u201climpa e verde\u201d, o desenvolvimento de barragens hidrel\u00e9tricas tem in\u00fameros impactos ambientais, sociais, econ\u00f4micos e pol\u00edticos nas comunidades em todo o mundo. S\u00e3o quest\u00f5es e hist\u00f3rias complexas que est\u00e3o interligadas que v\u00e3o al\u00e9m do breve resumo descrito abaixo. Portanto, esses resumos t\u00eam como objetivo fornecer uma breve olhar dos muitos desafios que as comunidades enfrentam, com links para nosso banco de dados de publica\u00e7\u00f5es para leitura futura. Aprender e conhecer essas hist\u00f3rias pode ajudar a desativar barragens existentes, interromper as barragens futuras e levar \u00e0 soberania energ\u00e9tica. N\u00f3s encorajamos voc\u00ea a ler e compartilhar os documentos inclu\u00eddos no <a href=\"https:\/\/damwatchinternational.org\/pt-br\/recursos\/publicacoes\/\">banco de dados<\/a>, ler as <a href=\"https:\/\/damwatchinternational.org\/pt-br\/historias\/historias-da-comunidade\/\">hist\u00f3rias em primeira m\u00e3o<\/a> e visitar nossa <span style=\"color: #ff00ff;\">p\u00e1gina de campanhas<\/span> para se envolver em esfor\u00e7os de resist\u00eancia para parar a constru\u00e7\u00e3o barragens em todo o mundo.<\/span><\/p>\n<\/div><\/div><div id=\"panel-1289-0-0-1\" class=\"so-panel widget widget_sow-accordion panel-last-child\" data-index=\"1\"><div class=\"so-widget-sow-accordion so-widget-sow-accordion-default-7a4dcbf11929-1289\"><div>\n\t<div class=\"sow-accordion\">\n\t\t\t<div class=\"sow-accordion-panel\n\t\t\t\t\t\" data-anchor-id=\"impactos-ambientais\">\n\t\t\t\t\t<div class=\"sow-accordion-panel-header-container\" role=\"heading\" aria-level=\"2\">\n\t\t\t\t\t<div class=\"sow-accordion-panel-header\" tabindex=\"0\" role=\"button\" id=\"accordion-label-impactos-ambientais\" aria-controls=\"accordion-content-impactos-ambientais\" aria-expanded=\"false\">\n\t\t\t\t\t\t<div class=\"sow-accordion-title sow-accordion-title-icon-left\">\n\t\t\t\t\t\t\t\t\t\t\t\t\t\tImpactos ambientais\t\t\t\t\t\t\t\t\t\t\t\t\t<\/div>\n\t\t\t\t\t\t<div class=\"sow-accordion-open-close-button\">\n\t\t\t\t\t\t\t<div class=\"sow-accordion-open-button\">\n\t\t\t\t\t\t\t\t<span class=\"sow-icon-ionicons\" data-sow-icon=\"\uf218\" aria-hidden=\"true\"><\/span>\t\t\t\t\t\t\t<\/div>\n\t\t\t\t\t\t\t<div class=\"sow-accordion-close-button\">\n\t\t\t\t\t\t\t\t<span class=\"sow-icon-ionicons\" data-sow-icon=\"\uf209\" aria-hidden=\"true\"><\/span>\t\t\t\t\t\t\t<\/div>\n\t\t\t\t\t\t<\/div>\n\t\t\t\t\t<\/div>\n\t\t\t\t<\/div>\n\n\t\t\t<div class=\"sow-accordion-panel-content\" role=\"region\" aria-labelledby=\"accordion-label-impactos-ambientais\" id=\"accordion-content-impactos-ambientais\" style=\"display: none;\">\n\t\t\t\t<div class=\"sow-accordion-panel-border\">\n\t\t\t\t\t<p class=\"p1\"><span class=\"s1\">Os impactos ambientais causado pela constru\u00e7\u00e3o de barragens n\u00e3o pode ser subestimado. <\/span><span class=\"s1\">Antes que um projeto possa come\u00e7ar, a maioria das empresas deve realizar uma avalia\u00e7\u00e3o ambiental para determinar os impactos sobre a terra e os rios. No entanto, os regulamentos para as avalia\u00e7\u00f5es ambientais diferem amplamente entre os pa\u00edses e geralmente s\u00e3o resultados de c\u00e1lculos e avalia\u00e7\u00f5es equivocadas ou mal elaboradas. Isso significa que os projetos geralmente criam impactos muito piores para os ecossistemas do que originalmente descritos. As popula\u00e7\u00f5es de peixes, em particular, s\u00e3o fortemente impactadas pelas altera\u00e7\u00f5es nas \u00e1reas de desova e pelas altern\u00e2ncias dos n\u00edveis e composi\u00e7\u00e3o das \u00e1guas. P\u00e1ssaros, mam\u00edferos e outros animais tamb\u00e9m s\u00e3o afetados pelas mudan\u00e7as na terra e na \u00e1gua, o que desafia sua capacidade de viver em seu habitat e migrar atrav\u00e9s da \u00e1gua ou do gelo, o que \u00e9 ent\u00e3o sentido em toda a cadeia alimentar. As avalia\u00e7\u00f5es ambientais tamb\u00e9m se concentram nos moldes da ci\u00eancia ocidental e n\u00e3o incorporam o conhecimento tradicional ind\u00edgena sobre a terra e a \u00e1gua. Como resultado, os megaprojetos geralmente recebem aprova\u00e7\u00e3o para prosseguir a partir de uma consulta limitada ou nenhuma consulta ou parceria, al\u00e9m de evid\u00eancias incorretas e alega\u00e7\u00f5es de que os impactos s\u00e3o justificados para um bem maior.<\/span><\/p>\n<p class=\"p1\"><span class=\"s1\">Esse tipo de pensamento - for\u00e7am as comunidades a se sacrificarem pelas popula\u00e7\u00f5es urbanas, ricas ou majorit\u00e1rias \u2013 o que se enquadra na categoria de racismo ambiental.<\/span><\/p>\n<p class=\"p1\"><span class=\"s1\"> Isso \u00e9 considerado uma forma de racismo, porque essas comunidades geralmente s\u00e3o marginalizadas por causa de sua origem e, em seguida, s\u00e3o visadas pelas empresas. As comunidades s\u00e3o for\u00e7adas ou coagidas a terem megaprojetos de energia constru\u00eddos em suas terras, recebem uma compensa\u00e7\u00e3o limitada ou nenhuma compensa\u00e7\u00e3o em troca e muitas vezes n\u00e3o se beneficiam da eletricidade produzida.<\/span><\/p>\n<p class=\"p1\"><span class=\"s1\">Com as preocupa\u00e7\u00f5es com as mudan\u00e7as clim\u00e1ticas, as hidrel\u00e9tricas continuam a serem apoiadas pelas comunidades que se beneficiam dela, bem como por pol\u00edticos em todo o mundo que veem as represas como um meio f\u00e1cil de atingir suas metas clim\u00e1ticas. <\/span><\/p>\n<p class=\"p1\"><span class=\"s1\">No entanto, como descreve a <\/span><span class=\"s1\"><i>North American Megadam Resistance Alliance (NAMRA)<\/i> da Am\u00e9rica do Norte, a energia hidr\u00e1ulica n\u00e3o pode ser considerada \u201climpa\u201d e \u201cverde\u201d, nem como forma de mitigar as mudan\u00e7as clim\u00e1ticas. Na verdade, a pesquisa descobriu que algumas barragens produzem uma quantidade equivalente de gases de efeito estufa igual as do combust\u00edvel f\u00f3ssil.<\/span><\/p>\n<p class=\"p1\"><span class=\"s1\">Al\u00e9m disso, a capacidade das barragens hidrel\u00e9tricas de operarem na capacidade pretendida pode ser afetada pelas mudan\u00e7as clim\u00e1ticas, desafiando ainda mais a no\u00e7\u00e3o de que s\u00e3o uma solu\u00e7\u00e3o de energia \u201csustent\u00e1vel\u201d.<\/span><\/p>\n<p class=\"p1\"><span class=\"s1\">Leia mais aqui: <a href=\"http:\/\/northeastmegadamresistance.org\/10-reasons-why-large-dams-are-a-climate-disaster\/\">10 raz\u00f5es pelas quais grandes projetos hidrel\u00e9tricos s\u00e3o um desastre clim\u00e1tico<\/a>.<\/span><\/p>\n\t\t\t\t<\/div>\n\t\t\t<\/div>\n\t\t<\/div>\n\t\t\t<div class=\"sow-accordion-panel\n\t\t\t\t\t\" data-anchor-id=\"impactos-sociais-economicos\">\n\t\t\t\t\t<div class=\"sow-accordion-panel-header-container\" role=\"heading\" aria-level=\"2\">\n\t\t\t\t\t<div class=\"sow-accordion-panel-header\" tabindex=\"0\" role=\"button\" id=\"accordion-label-impactos-sociais-econ%c3%b4micos\" aria-controls=\"accordion-content-impactos-sociais-econ%c3%b4micos\" aria-expanded=\"false\">\n\t\t\t\t\t\t<div class=\"sow-accordion-title sow-accordion-title-icon-left\">\n\t\t\t\t\t\t\t\t\t\t\t\t\t\tImpactos Sociais &amp; Econ\u00f4micos \t\t\t\t\t\t\t\t\t\t\t\t\t<\/div>\n\t\t\t\t\t\t<div class=\"sow-accordion-open-close-button\">\n\t\t\t\t\t\t\t<div class=\"sow-accordion-open-button\">\n\t\t\t\t\t\t\t\t<span class=\"sow-icon-ionicons\" data-sow-icon=\"\uf218\" aria-hidden=\"true\"><\/span>\t\t\t\t\t\t\t<\/div>\n\t\t\t\t\t\t\t<div class=\"sow-accordion-close-button\">\n\t\t\t\t\t\t\t\t<span class=\"sow-icon-ionicons\" data-sow-icon=\"\uf209\" aria-hidden=\"true\"><\/span>\t\t\t\t\t\t\t<\/div>\n\t\t\t\t\t\t<\/div>\n\t\t\t\t\t<\/div>\n\t\t\t\t<\/div>\n\n\t\t\t<div class=\"sow-accordion-panel-content\" role=\"region\" aria-labelledby=\"accordion-label-impactos-sociais-econ%c3%b4micos\" id=\"accordion-content-impactos-sociais-econ%c3%b4micos\" style=\"display: none;\">\n\t\t\t\t<div class=\"sow-accordion-panel-border\">\n\t\t\t\t\t<p class=\"p1\"><span class=\"s1\">As interfer\u00eancias nos ecossistemas tamb\u00e9m afetam as comunidades que dependem da terra e da \u00e1gua para ca\u00e7a, pesca e coleta.<\/span><\/p>\n<p class=\"p1\"><span class=\"s1\"> Comunidades em todo o mundo testemunharam a queda repentina na pesca e o desaparecimento de p\u00e1ssaros e mam\u00edferos que alimentavam fam\u00edlias e geravam renda por gera\u00e7\u00f5es. O impacto econ\u00f4mico e social \u00e9 devastador, muitas vezes for\u00e7ando as fam\u00edlias a depender de programas sociais ou do emprego das corpora\u00e7\u00f5es que produziram os impactos nas mesmas. <\/span><\/p>\n<p class=\"p1\"><span class=\"s1\">As comunidades que est\u00e3o conectadas \u00e0 rede nacional de energia (um dos \u201cbenef\u00edcios\u201d que lhes foram prometidos em troca da infraestrutura devastadora) tamb\u00e9m enfrentam altos custos e uma depend\u00eancia cada vez maior das corpora\u00e7\u00f5es de energia.<\/span><\/p>\n<p class=\"p1\"><span class=\"s1\"> A perda da ca\u00e7a e da pesca tamb\u00e9m desconectou as gera\u00e7\u00f5es mais jovens da terra, afetando sua capacidade de aprender habilidades tradicionais, como por exemplo idioma e demais formas de conhecimento. Al\u00e9m disso, devido \u00e0s inunda\u00e7\u00f5es causadas pelas barragens, as comunidades s\u00e3o frequentemente for\u00e7adas a se mudarem parcial ou totalmente, criando ainda uma divis\u00e3o entre a terra ancestral e a \u00e1gua e seu significado cultural.<\/span><\/p>\n\t\t\t\t<\/div>\n\t\t\t<\/div>\n\t\t<\/div>\n\t\t\t<div class=\"sow-accordion-panel\n\t\t\t\t\t\" data-anchor-id=\"saude-seguranca\">\n\t\t\t\t\t<div class=\"sow-accordion-panel-header-container\" role=\"heading\" aria-level=\"2\">\n\t\t\t\t\t<div class=\"sow-accordion-panel-header\" tabindex=\"0\" role=\"button\" id=\"accordion-label-sa%c3%bade-seguran%c3%a7a\" aria-controls=\"accordion-content-sa%c3%bade-seguran%c3%a7a\" aria-expanded=\"false\">\n\t\t\t\t\t\t<div class=\"sow-accordion-title sow-accordion-title-icon-left\">\n\t\t\t\t\t\t\t\t\t\t\t\t\t\tSa\u00fade &amp; Seguran\u00e7a\t\t\t\t\t\t\t\t\t\t\t\t\t<\/div>\n\t\t\t\t\t\t<div class=\"sow-accordion-open-close-button\">\n\t\t\t\t\t\t\t<div class=\"sow-accordion-open-button\">\n\t\t\t\t\t\t\t\t<span class=\"sow-icon-ionicons\" data-sow-icon=\"\uf218\" aria-hidden=\"true\"><\/span>\t\t\t\t\t\t\t<\/div>\n\t\t\t\t\t\t\t<div class=\"sow-accordion-close-button\">\n\t\t\t\t\t\t\t\t<span class=\"sow-icon-ionicons\" data-sow-icon=\"\uf209\" aria-hidden=\"true\"><\/span>\t\t\t\t\t\t\t<\/div>\n\t\t\t\t\t\t<\/div>\n\t\t\t\t\t<\/div>\n\t\t\t\t<\/div>\n\n\t\t\t<div class=\"sow-accordion-panel-content\" role=\"region\" aria-labelledby=\"accordion-label-sa%c3%bade-seguran%c3%a7a\" id=\"accordion-content-sa%c3%bade-seguran%c3%a7a\" style=\"display: none;\">\n\t\t\t\t<div class=\"sow-accordion-panel-border\">\n\t\t\t\t\t<p class=\"p1\"><span class=\"s1\">A altera\u00e7\u00e3o dos n\u00edveis de \u00e1gua associados \u00e0s barragens tamb\u00e9m \u00e9 uma grande preocupa\u00e7\u00e3o de seguran\u00e7a. Os membros das comunidades experimentam em primeira m\u00e3o que a \u00e1gua e o gelo s\u00e3o imprevis\u00edveis e n\u00e3o s\u00e3o mais seguros para recrea\u00e7\u00e3o ou viagens como antes. Esse desafio impede ainda mais sua capacidade de viajar pelos sistemas fluviais para ca\u00e7ar e pescar e se conectar com a terra e a \u00e1gua.<\/span><\/p>\n<p class=\"p1\"><span class=\"s1\">As inunda\u00e7\u00f5es tamb\u00e9m criaram graves consequ\u00eancias para a sa\u00fade, ao perturbar vastas \u00e1reas da vegeta\u00e7\u00e3o ribeirinha que normalmente desempenha um papel cr\u00edtico de filtragem nos ecossistemas. Como resultado, o metil merc\u00fario se torna mais prontamente dispon\u00edvel para os microrganismos, que ent\u00e3o se bioacumulam nos peixes e outros animais dos quais as comunidades dependem para sua alimenta\u00e7\u00e3o e bem-estar.<\/span><\/p>\n<p class=\"p1\"><span class=\"s1\">N\u00e3o apenas as mudan\u00e7as na paisagem est\u00e3o criando grandes problemas, mas tamb\u00e9m para os trabalhadores tempor\u00e1rios que v\u00eam \u00e0s comunidades para trabalhar na infraestrutura das barragens. Os \u201c<i>map camps<\/i>\u201d (acampamentos de mapa) onde trabalhadores externos est\u00e3o alojados apresentam altos incidentes de abuso de drogas e \u00e1lcool, ass\u00e9dio e agress\u00e3o sexual e tr\u00e1fico sexual. O inqu\u00e9rito sobre Mulheres e Meninas Ind\u00edgenas Desaparecidas e Assassinadas (MMIWG) no Canad\u00e1, entre outros, tamb\u00e9m demonstrou que os acampamentos de homens est\u00e3o ligados ao desaparecimento desproporcional sist\u00eamico e ao abuso de mulheres ind\u00edgenas. Al\u00e9m disso, durante a pandemia COVID-19, as comunidades ind\u00edgenas foram ainda mais amea\u00e7adas, pois os governos permitiram que o desenvolvimento e as opera\u00e7\u00f5es das hidrel\u00e9tricas continuassem, trazendo milhares de trabalhadores tempor\u00e1rios que poderiam transmitir a doen\u00e7a.<\/span><\/p>\n<p class=\"p1\"><span class=\"s1\">Apesar desses problemas e muito mais, as comunidades continuam a ser fortes e capazes de sustentar a si mesmas e \u00e0s terras em que vivem. A cria\u00e7\u00e3o de redes internacionais permite que grupos e comunidades trabalhem juntos para compartilhar conhecimentos, hist\u00f3rias e recursos para ajudar a interromper esses impactos e garantir que as vozes da comunidade sejam ouvidas.<\/span><\/p>\n<p class=\"p1\"><strong><span class=\"s1\">Refer\u00eancias:<\/span><\/strong><\/p>\n<ul>\n<li class=\"p1\"><span class=\"s1\">Fearnside, Philip M. 2014. \u201cImpacts of Brazil\u2019s Madeira River Dams: Unlearned Lessons for Hydroelectric Development in Amazonia.\u201d Environmental Science and Policy.<\/span><\/li>\n<li class=\"p1\"><span class=\"s1\">Kourgialas, Nektarios N. and George P. Karatzas. 2013. \u201cA Hydro-Economic Modelling Framework for Flood Damage Estimation and the Role of Riparian Vegetation.\u201d <em>Hydrological Processes<\/em>.<\/span><\/li>\n<li class=\"p1\"><span class=\"s1\">Rosenberg, D. M., F. Berkes, R. A. Bodaly, R. E. Hecky, C. A. Kelly, and J. W. M. Rudd. 2002. \u201cLarge-Scale Impacts of Hydroelectric Development.\u201d Environmental Reviews.<\/span><\/li>\n<li class=\"p1\"><span class=\"s1\">Macleans. June 3rd, 2019. MMIWG\u2019s findings on \u2018man camps\u2019 are a good place for government to get started. Found <a href=\"https:\/\/www.macleans.ca\/news\/canada\/mmiwgs-findings-on-man-camps-are-a-good-place-for-government-to-get-started\/\">here<\/a>.<\/span><\/li>\n<\/ul>\n\t\t\t\t<\/div>\n\t\t\t<\/div>\n\t\t<\/div>\n\t\t<\/div>\n<\/div>\n<\/div><\/div><\/div><\/div><\/div><\/body>","protected":false},"excerpt":{"rendered":"<p>Apesar das alega\u00e7\u00f5es de pol\u00edticos e das grandes ind\u00fastrias de que a energia hidrel\u00e9trica \u00e9 \u201climpa e verde\u201d, o desenvolvimento de barragens hidrel\u00e9tricas tem in\u00fameros impactos ambientais, sociais, econ\u00f4micos e pol\u00edticos nas comunidades em todo o mundo. S\u00e3o quest\u00f5es e hist\u00f3rias complexas que est\u00e3o interligadas que v\u00e3o al\u00e9m do breve resumo descrito abaixo. Portanto, esses [&hellip;]<\/p>\n","protected":false},"author":1,"featured_media":0,"parent":1141,"menu_order":1,"comment_status":"closed","ping_status":"closed","template":"","meta":{"_acf_changed":false,"om_disable_all_campaigns":false,"_monsterinsights_skip_tracking":false,"_monsterinsights_sitenote_active":false,"_monsterinsights_sitenote_note":"","_monsterinsights_sitenote_category":0,"footnotes":""},"class_list":["post-1289","page","type-page","status-publish","hentry"],"acf":[],"jetpack_sharing_enabled":true,"_links":{"self":[{"href":"https:\/\/damwatchinternational.org\/pt-br\/wp-json\/wp\/v2\/pages\/1289","targetHints":{"allow":["GET"]}}],"collection":[{"href":"https:\/\/damwatchinternational.org\/pt-br\/wp-json\/wp\/v2\/pages"}],"about":[{"href":"https:\/\/damwatchinternational.org\/pt-br\/wp-json\/wp\/v2\/types\/page"}],"author":[{"embeddable":true,"href":"https:\/\/damwatchinternational.org\/pt-br\/wp-json\/wp\/v2\/users\/1"}],"replies":[{"embeddable":true,"href":"https:\/\/damwatchinternational.org\/pt-br\/wp-json\/wp\/v2\/comments?post=1289"}],"version-history":[{"count":5,"href":"https:\/\/damwatchinternational.org\/pt-br\/wp-json\/wp\/v2\/pages\/1289\/revisions"}],"predecessor-version":[{"id":1296,"href":"https:\/\/damwatchinternational.org\/pt-br\/wp-json\/wp\/v2\/pages\/1289\/revisions\/1296"}],"up":[{"embeddable":true,"href":"https:\/\/damwatchinternational.org\/pt-br\/wp-json\/wp\/v2\/pages\/1141"}],"wp:attachment":[{"href":"https:\/\/damwatchinternational.org\/pt-br\/wp-json\/wp\/v2\/media?parent=1289"}],"curies":[{"name":"wp","href":"https:\/\/api.w.org\/{rel}","templated":true}]}}