{"id":1147,"date":"2020-10-20T19:50:45","date_gmt":"2020-10-20T19:50:45","guid":{"rendered":"https:\/\/damwatchinternational.org\/?page_id=1147"},"modified":"2024-08-01T20:12:53","modified_gmt":"2024-08-01T20:12:53","slug":"contato","status":"publish","type":"page","link":"https:\/\/damwatchinternational.org\/pt-br\/contato\/","title":{"rendered":"CONTATO"},"content":{"rendered":"<body><p><\/p>\n<div id=\"pl-1147\" class=\"panel-layout\">\n<div id=\"pg-1147-0\" class=\"panel-grid panel-no-style\" data-style='{\"background_image_attachment\":false,\"background_display\":\"tile\",\"cell_alignment\":\"flex-start\"}' data-ratio=\"1\" data-ratio-direction=\"right\">\n<div id=\"pgc-1147-0-0\" class=\"panel-grid-cell\" data-weight=\"1\">\n<div id=\"panel-1147-0-0-0\" class=\"so-panel widget widget_black-studio-tinymce widget_black_studio_tinymce panel-first-child panel-last-child\" data-index=\"0\" data-style='{\"background_image_attachment\":false,\"background_display\":\"tile\"}'>\n<div class=\"textwidget\">\n<p><strong>Dam Watch International \u00e9 uma rede de redes, com contatos em todo o mundo. Atualmente, estamos hospedados no Laborat\u00f3rio de Conserva\u00e7\u00e3o Ambiental da Universidade de Manitoba, no territ\u00f3rio do Tratado 1 (tamb\u00e9m chamado de Manitoba, Canad\u00e1). Se voc\u00ea tiver alguma d\u00favida espec\u00edfica, se desejar se envolver ou tiver recursos para compartilhar, envie-nos um e-mail usando o formul\u00e1rio abaixo.<\/strong><\/p>\n<p>\u00a0<\/p>\n<div class=\"frm_forms  with_frm_style frm_style_formidable-style\" id=\"frm_form_2_container\" data-token=\"49e8e438251c5862f6a5e9bab272c656\">\n<form enctype=\"multipart\/form-data\" method=\"post\" class=\"frm-show-form  frm_js_validate  frm_pro_form \" id=\"form_dwi-general-contact-form\" data-token=\"49e8e438251c5862f6a5e9bab272c656\">\n<div class=\"frm_form_fields \">\n<fieldset>\n<legend class=\"frm_screen_reader\">DWI General Contact Form - Portuguese<\/legend>\r\n\r\n<div class=\"frm_fields_container\">\n<input type=\"hidden\" name=\"frm_action\" value=\"create\" \/>\n<input type=\"hidden\" name=\"form_id\" value=\"2\" \/>\n<input type=\"hidden\" name=\"frm_hide_fields_2\" id=\"frm_hide_fields_2\" value=\"\" \/>\n<input type=\"hidden\" name=\"form_key\" value=\"dwi-general-contact-form\" \/>\n<input type=\"hidden\" name=\"item_meta[0]\" value=\"\" \/>\n<input type=\"hidden\" id=\"frm_submit_entry_2\" name=\"frm_submit_entry_2\" value=\"516b3455f6\" \/><input type=\"hidden\" name=\"_wp_http_referer\" value=\"\/pt-br\/wp-json\/wp\/v2\/pages\/1147\" \/><div id=\"frm_field_9_container\" class=\"frm_form_field form-field  frm_required_field frm_top_container\">\r\n\t<div  id=\"field_bzji0_label\" class=\"frm_primary_label\">Nome\r\n\t\t<span class=\"frm_required\" aria-hidden=\"true\">*<\/span>\r\n\t<\/div>\r\n\t<fieldset aria-labelledby=\"field_bzji0_label\">\n\t<legend class=\"frm_screen_reader frm_hidden\">\n\t\tNome\t<\/legend>\n\n\t<div  class=\"frm_combo_inputs_container\" id=\"frm_combo_inputs_container_9\" data-name-layout=\"first_last\">\n\t\t\t\t\t<div\n\t\t\t\tid=\"frm_field_9-first_container\"\n\t\t\t\tclass=\"frm_form_field form-field frm_form_subfield-first  frm6\"\n\t\t\t\tdata-sub-field-name=\"first\"\n\t\t\t>\n\t\t\t\t<label for=\"field_bzji0_first\" class=\"frm_screen_reader frm_hidden\">\n\t\t\t\t\tPrimeiro Nome\t\t\t\t<\/label>\n\n\t\t\t\t<input  type=\"text\" id=\"field_bzji0_first\" value=\"\" name=\"item_meta[9][first]\" autocomplete=\"given-name\" data-reqmsg=\"Nome cannot be blank.\" aria-required=\"true\" data-invmsg=\"Nome \u00e9 inv\u00e1lido\" aria-invalid=\"false\"  \/><div class=\"frm_description\" id=\"frm_field_9_first_desc\">Primeiro Nome<\/div>\t\t\t<\/div>\n\t\t\t\t\t\t<div\n\t\t\t\tid=\"frm_field_9-last_container\"\n\t\t\t\tclass=\"frm_form_field form-field frm_form_subfield-last  frm6\"\n\t\t\t\tdata-sub-field-name=\"last\"\n\t\t\t>\n\t\t\t\t<label for=\"field_bzji0_last\" class=\"frm_screen_reader frm_hidden\">\n\t\t\t\t\tSobrenome\t\t\t\t<\/label>\n\n\t\t\t\t<input  type=\"text\" id=\"field_bzji0_last\" value=\"\" name=\"item_meta[9][last]\" autocomplete=\"family-name\" data-reqmsg=\"Nome cannot be blank.\" aria-required=\"true\" data-invmsg=\"Nome \u00e9 inv\u00e1lido\" aria-invalid=\"false\"  \/><div class=\"frm_description\" id=\"frm_field_9_last_desc\">Sobrenome<\/div>\t\t\t<\/div>\n\t\t\t\t<\/div>\n<\/fieldset>\n\r\n\t\r\n\t\r\n<\/div>\n<div id=\"frm_field_8_container\" class=\"frm_form_field form-field  frm_top_container\">\r\n\t<div  id=\"field_jpuxc_label\" class=\"frm_primary_label\">Name\r\n\t\t<span class=\"frm_required\" aria-hidden=\"true\"><\/span>\r\n\t<\/div>\r\n\t<fieldset aria-labelledby=\"field_jpuxc_label\">\n\t<legend class=\"frm_screen_reader frm_hidden\">\n\t\tName\t<\/legend>\n\n\t<div  class=\"frm_combo_inputs_container\" id=\"frm_combo_inputs_container_8\" data-name-layout=\"first_last\">\n\t\t\t\t\t<div\n\t\t\t\tid=\"frm_field_8-first_container\"\n\t\t\t\tclass=\"frm_form_field form-field frm_form_subfield-first  frm6\"\n\t\t\t\tdata-sub-field-name=\"first\"\n\t\t\t>\n\t\t\t\t<label for=\"field_jpuxc_first\" class=\"frm_screen_reader frm_hidden\">\n\t\t\t\t\tFirst\t\t\t\t<\/label>\n\n\t\t\t\t<input  type=\"text\" id=\"field_jpuxc_first\" value=\"\" name=\"item_meta[8][first]\" data-invmsg=\"Name \u00e9 inv\u00e1lido\" aria-invalid=\"false\"  \/><div class=\"frm_description\" id=\"frm_field_8_first_desc\">First<\/div>\t\t\t<\/div>\n\t\t\t\t\t\t<div\n\t\t\t\tid=\"frm_field_8-last_container\"\n\t\t\t\tclass=\"frm_form_field form-field frm_form_subfield-last  frm6\"\n\t\t\t\tdata-sub-field-name=\"last\"\n\t\t\t>\n\t\t\t\t<label for=\"field_jpuxc_last\" class=\"frm_screen_reader frm_hidden\">\n\t\t\t\t\tLast\t\t\t\t<\/label>\n\n\t\t\t\t<input  type=\"text\" id=\"field_jpuxc_last\" value=\"\" name=\"item_meta[8][last]\" data-invmsg=\"Name \u00e9 inv\u00e1lido\" aria-invalid=\"false\"  \/><div class=\"frm_description\" id=\"frm_field_8_last_desc\">Last<\/div>\t\t\t<\/div>\n\t\t\t\t<\/div>\n<\/fieldset>\n\r\n\t\r\n\t\r\n<\/div>\n<div id=\"frm_field_10_container\" class=\"frm_form_field form-field  frm_required_field frm_top_container\">\r\n\t<label for=\"field_iawkj\" id=\"field_iawkj_label\" class=\"frm_primary_label\">E-mail\r\n\t\t<span class=\"frm_required\" aria-hidden=\"true\">*<\/span>\r\n\t<\/label>\r\n\t<input type=\"email\" id=\"field_iawkj\" name=\"item_meta[10]\" value=\"\"  data-reqmsg=\"E-mail cannot be blank.\" aria-required=\"true\" data-invmsg=\"E-mail is invalid\" aria-invalid=\"false\"  \/>\r\n\t\r\n\t\r\n<\/div>\n<div id=\"frm_field_11_container\" class=\"frm_form_field form-field  frm_top_container vertical_radio\">\r\n\t<div  id=\"field_ycpo_label\" class=\"frm_primary_label\">Assunto\r\n\t\t<span class=\"frm_required\" aria-hidden=\"true\"><\/span>\r\n\t<\/div>\r\n\t<div class=\"frm_opt_container\" aria-labelledby=\"field_ycpo_label\" role=\"group\">\t\t<div class=\"frm_checkbox\" id=\"frm_checkbox_11-0\">\t\t\t<label  for=\"field_ycpo-0\">\n\t\t\t<input type=\"checkbox\" name=\"item_meta[11][]\" id=\"field_ycpo-0\" value=\"Pesquisa\"  data-invmsg=\"Assunto \u00e9 inv\u00e1lido\"   \/> Pesquisa<\/label><\/div>\n\t\t<div class=\"frm_checkbox\" id=\"frm_checkbox_11-1\">\t\t\t<label  for=\"field_ycpo-1\">\n\t\t\t<input type=\"checkbox\" name=\"item_meta[11][]\" id=\"field_ycpo-1\" value=\"Conex\u00f5es\"  data-invmsg=\"Assunto \u00e9 inv\u00e1lido\"   \/> Conex\u00f5es<\/label><\/div>\n\t\t<div class=\"frm_checkbox\" id=\"frm_checkbox_11-2\">\t\t\t<label  for=\"field_ycpo-2\">\n\t\t\t<input type=\"checkbox\" name=\"item_meta[11][]\" id=\"field_ycpo-2\" value=\"Recursos\"  data-invmsg=\"Assunto \u00e9 inv\u00e1lido\"   \/> Recursos<\/label><\/div>\n\t\t<div class=\"frm_checkbox\" id=\"frm_checkbox_11-3\">\t\t\t<label  for=\"field_ycpo-3\">\n\t\t\t<input type=\"checkbox\" name=\"item_meta[11][]\" id=\"field_ycpo-3\" value=\"Assuntos gerais\"  data-invmsg=\"Assunto \u00e9 inv\u00e1lido\"   \/> Assuntos gerais<\/label><\/div>\n<\/div>\r\n\t\r\n\t\r\n<\/div>\n<div id=\"frm_field_12_container\" class=\"frm_form_field form-field  frm_required_field frm_top_container\">\r\n\t<label for=\"field_4i79k\" id=\"field_4i79k_label\" class=\"frm_primary_label\">Mensagem\r\n\t\t<span class=\"frm_required\" aria-hidden=\"true\">*<\/span>\r\n\t<\/label>\r\n\t<textarea name=\"item_meta[12]\" id=\"field_4i79k\" rows=\"5\"  data-reqmsg=\"Mensagem cannot be blank.\" aria-required=\"true\" data-invmsg=\"Mensagem is invalid\" aria-invalid=\"false\"  ><\/textarea>\r\n\t\r\n\t\r\n<\/div>\n<div id=\"frm_field_21_container\" class=\"frm_form_field form-field  frm_top_container\">\r\n\t<label for=\"field_cif5y\" id=\"field_cif5y_label\" class=\"frm_primary_label\">Phone\r\n\t\t<span class=\"frm_required\" aria-hidden=\"true\"><\/span>\r\n\t<\/label>\r\n\t<input type=\"tel\" id=\"field_cif5y\" name=\"item_meta[21]\" value=\"\"  data-invmsg=\"Phone is invalid\" aria-invalid=\"false\" pattern=\"((\\+\\d{1,3}(-|.| )?\\(?\\d\\)?(-| |.)?\\d{1,5})|(\\(?\\d{2,6}\\)?))(-|.| )?(\\d{3,4})(-|.| )?(\\d{4})(( x| ext)\\d{1,5}){0,1}$\"  \/>\r\n\t\r\n\t\r\n<\/div>\n<div id=\"frm_field_95_container\" class=\"frm_form_field form-field  frm_none_container\">\r\n\t<label for=\"g-recaptcha-response\" id=\"field_cedcs_label\" class=\"frm_primary_label\">Captcha\r\n\t\t<span class=\"frm_required\" aria-hidden=\"true\"><\/span>\r\n\t<\/label>\r\n\t<div  id=\"field_cedcs\" class=\"frm-g-recaptcha\" data-sitekey=\"6LeDrPgqAAAAANssLVyBIuXZKW10-DpVfTjtw7-P\" data-size=\"normal\" data-theme=\"light\"><\/div>\r\n\t\r\n\t\r\n<\/div>\n<div id=\"frm_field_6_container\" class=\"frm_form_field form-field \">\r\n\t<div class=\"frm_submit frm_flex\">\r\n<button class=\"frm_button_submit frm_final_submit\" type=\"submit\"   formnovalidate=\"formnovalidate\">Enviar<\/button>\r\n\r\n\r\n\r\n<\/div>\r\n<\/div>\n\t<input type=\"hidden\" name=\"item_key\" value=\"\" \/>\n\t\t\t<div id=\"frm_field_103_container\">\n\t\t\t<label for=\"field_84mdf\" >\n\t\t\t\tSe voc\u00ea \u00e9 humano, deixe este campo em branco.\t\t\t<\/label>\n\t\t\t<input  id=\"field_84mdf\" type=\"text\" class=\"frm_form_field form-field frm_verify\" name=\"item_meta[103]\" value=\"\"  \/>\n\t\t<\/div>\n\t\t<input name=\"frm_state\" type=\"hidden\" value=\"itKtZZVeiftjWfyji5GOOuRwJnyWhy3qI2tEX8V6V99EaMTOikX\/UDmnMryG2R3g\" \/><\/div>\n<\/fieldset>\n<\/div>\n\n<p style=\"display: none !important;\" class=\"akismet-fields-container\" data-prefix=\"ak_\"><label>&#916;<textarea name=\"ak_hp_textarea\" cols=\"45\" rows=\"8\" maxlength=\"100\"><\/textarea><\/label><input type=\"hidden\" id=\"ak_js_1\" name=\"ak_js\" value=\"137\"\/><script>document.getElementById( \"ak_js_1\" ).setAttribute( \"value\", ( new Date() ).getTime() );<\/script><\/p><\/form>\n<\/div>\n\n<hr>\n<div id=\"wpforms-1152\" class=\"wpforms-container wpforms-container-full\">\n<form id=\"wpforms-form-1152\" class=\"wpforms-validate wpforms-form\" action=\"\/wp-admin\/admin-ajax.php?_panelsnonce=d8e86ff4a1\" enctype=\"multipart\/form-data\" method=\"post\" data-formid=\"1152\" data-token=\"d786120b5713a04257ef55085a1a853e\"><noscript class=\"wpforms-error-noscript\">Please enable JavaScript in your browser to complete this form.<\/noscript>\n<div class=\"wpforms-field-container\">\n<div id=\"wpforms-1152-field_0-container\" class=\"wpforms-field wpforms-field-name\" data-field-id=\"0\"><\/div>\n<\/div>\n<\/form>\n<\/div>\n<p><strong>Nosso endere\u00e7o atual:<\/strong> Environmental Conservation Lab, University of Manitoba 303 Wallace Building, 125 Dysart Rd Winnipeg, Manitoba, Canada, R3T 2N2 Telefone: +1-204-474-9316 Email: <span style=\"color: #dba245;\"><a style=\"color: #dba245;\" href=\"mailto:info@damwatchinternational.org\">info@damwatchinternational.org<\/a>\u00a0<\/span><\/p>\n<\/div>\n<div><img data-recalc-dims=\"1\" decoding=\"async\" class=\"alignnone wp-image-1907\" src=\"https:\/\/i0.wp.com\/damwatchinternational.org\/wp-content\/uploads\/2021\/04\/Wa-Ni-Ska-Tan_Hydro_V_4c-1.jpg?resize=67%2C71&#038;ssl=1\" alt=\"\" width=\"67\" height=\"71\" loading=\"lazy\" srcset=\"https:\/\/i0.wp.com\/damwatchinternational.org\/wp-content\/uploads\/2021\/04\/Wa-Ni-Ska-Tan_Hydro_V_4c-1.jpg?resize=285%2C300&amp;ssl=1 285w, https:\/\/i0.wp.com\/damwatchinternational.org\/wp-content\/uploads\/2021\/04\/Wa-Ni-Ska-Tan_Hydro_V_4c-1.jpg?resize=972%2C1024&amp;ssl=1 972w, https:\/\/i0.wp.com\/damwatchinternational.org\/wp-content\/uploads\/2021\/04\/Wa-Ni-Ska-Tan_Hydro_V_4c-1.jpg?resize=768%2C809&amp;ssl=1 768w, https:\/\/i0.wp.com\/damwatchinternational.org\/wp-content\/uploads\/2021\/04\/Wa-Ni-Ska-Tan_Hydro_V_4c-1.jpg?resize=1458%2C1536&amp;ssl=1 1458w, https:\/\/i0.wp.com\/damwatchinternational.org\/wp-content\/uploads\/2021\/04\/Wa-Ni-Ska-Tan_Hydro_V_4c-1.jpg?w=2046&amp;ssl=1 2046w, https:\/\/i0.wp.com\/damwatchinternational.org\/wp-content\/uploads\/2021\/04\/Wa-Ni-Ska-Tan_Hydro_V_4c-1.jpg?w=1360&amp;ssl=1 1360w\" sizes=\"auto, (max-width: 67px) 100vw, 67px\" \/><img data-recalc-dims=\"1\" decoding=\"async\" class=\"alignnone wp-image-1899\" src=\"https:\/\/i0.wp.com\/damwatchinternational.org\/wp-content\/uploads\/2021\/04\/UM_Logo_VERT.jpg?resize=59%2C71&#038;ssl=1\" alt=\"\" width=\"59\" height=\"71\" loading=\"lazy\"><img data-recalc-dims=\"1\" decoding=\"async\" class=\"alignnone wp-image-1892\" src=\"https:\/\/i0.wp.com\/damwatchinternational.org\/wp-content\/uploads\/2021\/04\/ECL_Logo.jpeg?resize=150%2C71&#038;ssl=1\" alt=\"\" width=\"150\" height=\"71\" loading=\"lazy\" srcset=\"https:\/\/i0.wp.com\/damwatchinternational.org\/wp-content\/uploads\/2021\/04\/ECL_Logo.jpeg?resize=300%2C142&amp;ssl=1 300w, https:\/\/i0.wp.com\/damwatchinternational.org\/wp-content\/uploads\/2021\/04\/ECL_Logo.jpeg?resize=1024%2C484&amp;ssl=1 1024w, https:\/\/i0.wp.com\/damwatchinternational.org\/wp-content\/uploads\/2021\/04\/ECL_Logo.jpeg?resize=768%2C363&amp;ssl=1 768w, https:\/\/i0.wp.com\/damwatchinternational.org\/wp-content\/uploads\/2021\/04\/ECL_Logo.jpeg?resize=1536%2C725&amp;ssl=1 1536w, https:\/\/i0.wp.com\/damwatchinternational.org\/wp-content\/uploads\/2021\/04\/ECL_Logo.jpeg?resize=958%2C452&amp;ssl=1 958w, https:\/\/i0.wp.com\/damwatchinternational.org\/wp-content\/uploads\/2021\/04\/ECL_Logo.jpeg?w=1563&amp;ssl=1 1563w, https:\/\/i0.wp.com\/damwatchinternational.org\/wp-content\/uploads\/2021\/04\/ECL_Logo.jpeg?w=1360&amp;ssl=1 1360w\" sizes=\"auto, (max-width: 150px) 100vw, 150px\" \/><img data-recalc-dims=\"1\" decoding=\"async\" width=\"300\" height=\"13\" class=\"alignnone size-medium wp-image-1895\" src=\"https:\/\/i0.wp.com\/damwatchinternational.org\/wp-content\/uploads\/2021\/04\/SSHRC-CRSH_Logo.jpg?resize=300%2C13&#038;ssl=1\" alt=\"\" loading=\"lazy\" srcset=\"https:\/\/i0.wp.com\/damwatchinternational.org\/wp-content\/uploads\/2021\/04\/SSHRC-CRSH_Logo.jpg?resize=300%2C13&amp;ssl=1 300w, https:\/\/i0.wp.com\/damwatchinternational.org\/wp-content\/uploads\/2021\/04\/SSHRC-CRSH_Logo.jpg?resize=1024%2C43&amp;ssl=1 1024w, https:\/\/i0.wp.com\/damwatchinternational.org\/wp-content\/uploads\/2021\/04\/SSHRC-CRSH_Logo.jpg?resize=768%2C32&amp;ssl=1 768w, https:\/\/i0.wp.com\/damwatchinternational.org\/wp-content\/uploads\/2021\/04\/SSHRC-CRSH_Logo.jpg?resize=958%2C40&amp;ssl=1 958w, https:\/\/i0.wp.com\/damwatchinternational.org\/wp-content\/uploads\/2021\/04\/SSHRC-CRSH_Logo.jpg?w=1507&amp;ssl=1 1507w, https:\/\/i0.wp.com\/damwatchinternational.org\/wp-content\/uploads\/2021\/04\/SSHRC-CRSH_Logo.jpg?w=1360&amp;ssl=1 1360w\" sizes=\"auto, (max-width: 300px) 100vw, 300px\" \/><\/div>\n<\/div>\n<\/div>\n<\/div>\n<\/div>\n<p><\/p>\n<\/body>","protected":false},"excerpt":{"rendered":"<p>Dam Watch International \u00e9 uma rede de redes, com contatos em todo o mundo. Atualmente, estamos hospedados no Laborat\u00f3rio de Conserva\u00e7\u00e3o Ambiental da Universidade de Manitoba, no territ\u00f3rio do Tratado 1 (tamb\u00e9m chamado de Manitoba, Canad\u00e1). Se voc\u00ea tiver alguma d\u00favida espec\u00edfica, se desejar se envolver ou tiver recursos para compartilhar, envie-nos um e-mail usando [&hellip;]<\/p>\n","protected":false},"author":1,"featured_media":0,"parent":0,"menu_order":0,"comment_status":"closed","ping_status":"closed","template":"","meta":{"_acf_changed":false,"om_disable_all_campaigns":false,"_monsterinsights_skip_tracking":false,"_monsterinsights_sitenote_active":false,"_monsterinsights_sitenote_note":"","_monsterinsights_sitenote_category":0,"footnotes":""},"class_list":["post-1147","page","type-page","status-publish","hentry"],"acf":[],"jetpack_sharing_enabled":true,"_links":{"self":[{"href":"https:\/\/damwatchinternational.org\/pt-br\/wp-json\/wp\/v2\/pages\/1147","targetHints":{"allow":["GET"]}}],"collection":[{"href":"https:\/\/damwatchinternational.org\/pt-br\/wp-json\/wp\/v2\/pages"}],"about":[{"href":"https:\/\/damwatchinternational.org\/pt-br\/wp-json\/wp\/v2\/types\/page"}],"author":[{"embeddable":true,"href":"https:\/\/damwatchinternational.org\/pt-br\/wp-json\/wp\/v2\/users\/1"}],"replies":[{"embeddable":true,"href":"https:\/\/damwatchinternational.org\/pt-br\/wp-json\/wp\/v2\/comments?post=1147"}],"version-history":[{"count":5,"href":"https:\/\/damwatchinternational.org\/pt-br\/wp-json\/wp\/v2\/pages\/1147\/revisions"}],"predecessor-version":[{"id":2648,"href":"https:\/\/damwatchinternational.org\/pt-br\/wp-json\/wp\/v2\/pages\/1147\/revisions\/2648"}],"wp:attachment":[{"href":"https:\/\/damwatchinternational.org\/pt-br\/wp-json\/wp\/v2\/media?parent=1147"}],"curies":[{"name":"wp","href":"https:\/\/api.w.org\/{rel}","templated":true}]}}