{"id":909,"date":"2020-08-26T20:34:40","date_gmt":"2020-08-26T20:34:40","guid":{"rendered":"https:\/\/damwatchinternational.org\/?page_id=909"},"modified":"2020-08-27T20:43:55","modified_gmt":"2020-08-27T20:43:55","slug":"involucrese","status":"publish","type":"page","link":"https:\/\/damwatchinternational.org\/es\/actue\/involucrese\/","title":{"rendered":"Invol\u00facrese"},"content":{"rendered":"<body><div id=\"pl-gb909-69e05119202d1\" class=\"panel-layout\"><div id=\"pg-gb909-69e05119202d1-0\" class=\"panel-grid panel-no-style\"><div id=\"pgc-gb909-69e05119202d1-0-0\" class=\"panel-grid-cell\"><div id=\"panel-gb909-69e05119202d1-0-0-0\" class=\"so-panel widget widget_black-studio-tinymce widget_black_studio_tinymce panel-first-child panel-last-child\" data-index=\"0\"><h3 class=\"widget-title\">Comparta su historia<\/h3><div class=\"textwidget\"><p><strong>Queremos que el mundo aprenda sobre los desaf\u00edos y la destrucci\u00f3n del desarrollo de las represas hidroel\u00e9ctricas, para ello estamos compartiendo historias de comunidades de todo el mundo.<\/strong> Tenemos dos opciones principales para compartir:<\/p>\n<ul>\n<li>\u00a0Las entradas del blog pueden incluir: un art\u00edculo de opini\u00f3n, una actualizaci\u00f3n sobre el desarrollo de las represas, informaci\u00f3n sobre campa\u00f1as, arte, v\u00eddeo o un relato corto relacionado con los impactos y la resistencia de las hidroel\u00e9ctricas. Ejemplos de nuestros blogs se pueden encontrar <a href=\"https:\/\/damwatchinternational.org\/historias\/blog-de-la-comunidad\">aqu\u00ed<\/a>.<\/li>\n<li>Las historias de la comunidad incluyen: un punto de coordinaci\u00f3n en <a href=\"https:\/\/damwatchinternational.org\/?lang=es\">el mapa<\/a>, historia de los impactos en curso y los esfuerzos de resistencia, fotos, video, grabaciones de audio y m\u00e1s. Ejemplos de historias de la comunidad se pueden encontrar <a href=\"https:\/\/damwatchinternational.org\/historias\/historias-de-la-comunidad\">aqu\u00ed<\/a>.<\/li>\n<\/ul>\n<p>Para enviar un art\u00edculo del blog o ponerse en contacto con nosotros para ayudarle a organizar la historia, p\u00f3ngase en contacto con <a href=\"mailto:info@damwatchinternational.org\"><span style=\"color: #dba245;\">info@damwatchinternational.org<\/span><\/a> o rellene los formularios de contacto aqu\u00ed:<\/p>\n<p><a class=\"btn btn-default  btn-lg\" href=\"https:\/\/damwatchinternational.org\/es\/historias\/comparta-su-historia\/\" target=\"_blank\"><span class=\"big\">Comparta su historia<\/span><\/a><\/p>\n<p><a class=\"btn btn-default  btn-lg\" href=\"https:\/\/damwatchinternational.org\/es\/historias\/blog-de-la-comunidad\/\" target=\"_blank\">Env\u00ede una entrada de blog<\/a><\/p>\n<\/div><\/div><\/div><\/div><div id=\"pg-gb909-69e05119202d1-1\" class=\"panel-grid panel-no-style\"><div id=\"pgc-gb909-69e05119202d1-1-0\" class=\"panel-grid-cell\"><div id=\"panel-gb909-69e05119202d1-1-0-0\" class=\"so-panel widget widget_black-studio-tinymce widget_black_studio_tinymce panel-first-child panel-last-child\" data-index=\"1\"><h3 class=\"widget-title\">\u00danase a un comit\u00e9<\/h3><div class=\"textwidget\"><p><strong>\u00bfInteresado en tomar un papel activo en la direcci\u00f3n de la red?<\/strong> \u00a1\u00danase a un subcomit\u00e9! Estos grupos de discusi\u00f3n se re\u00fanen pr\u00e1cticamente una o dos veces al mes y se ocupan de diferentes \u00e1reas de inter\u00e9s.<\/p>\n<p>Actualmente tenemos espacio en nuestro subcomit\u00e9 de nuestra p\u00e1gina web y se vienen m\u00e1s comit\u00e9s en el futuro cercano.<\/p>\n<p>Si desea unirse u organizar un subcomit\u00e9, por favor env\u00ede un correo electr\u00f3nico a:\u00a0<a href=\"mailto:info@damwatchinternational.org\"><span style=\"color: #dba245;\">info@damwatchinternational.org<\/span><\/a><\/p>\n<\/div><\/div><\/div><div id=\"pgc-gb909-69e05119202d1-1-1\" class=\"panel-grid-cell\"><div id=\"panel-gb909-69e05119202d1-1-1-0\" class=\"so-panel widget widget_black-studio-tinymce widget_black_studio_tinymce panel-first-child panel-last-child\" data-index=\"2\"><h3 class=\"widget-title\">Comparta sus recursos<\/h3><div class=\"textwidget\"><p><strong>Como una creciente red de redes, damos la bienvenida a todos los que quieran aportar con conocimientos, recursos o con el empoderamiento popular.<\/strong> <a href=\"https:\/\/damwatchinternational.org\/es\/quienes-somos\/red-de-alianzas\/\">Nuestras alianzas<\/a> incluyen organizaciones y grupos que est\u00e1n activos dentro de nuestra red. Los individuos que deseen proveer servicios, pueden ser incluidos en la lista de expertos de la p\u00e1gina de Apoyo y Defensa. Si tiene algo que compartir con la red, o le gustar\u00eda ser incluido en la lista de conexiones de la comunidad, por favor env\u00edenos un correo electr\u00f3nico a <a href=\"mailto:info@damwatchinternational.org\"><span style=\"color: #dba245;\">info@damwatchinternational.org<\/span><\/a><\/p>\n<\/div><\/div><\/div><\/div><\/div><\/body>","protected":false},"excerpt":{"rendered":"<p>Queremos que el mundo aprenda sobre los desaf\u00edos y la destrucci\u00f3n del desarrollo de las represas hidroel\u00e9ctricas, para ello estamos compartiendo historias de comunidades de todo el mundo. Tenemos dos opciones principales para compartir: \u00a0Las entradas del blog pueden incluir: un art\u00edculo de opini\u00f3n, una actualizaci\u00f3n sobre el desarrollo de las represas, informaci\u00f3n sobre campa\u00f1as, [&hellip;]<\/p>\n","protected":false},"author":1,"featured_media":0,"parent":849,"menu_order":0,"comment_status":"closed","ping_status":"closed","template":"","meta":{"_acf_changed":false,"om_disable_all_campaigns":false,"_monsterinsights_skip_tracking":false,"_monsterinsights_sitenote_active":false,"_monsterinsights_sitenote_note":"","_monsterinsights_sitenote_category":0,"footnotes":""},"class_list":["post-909","page","type-page","status-publish","hentry"],"acf":[],"jetpack_sharing_enabled":true,"_links":{"self":[{"href":"https:\/\/damwatchinternational.org\/es\/wp-json\/wp\/v2\/pages\/909","targetHints":{"allow":["GET"]}}],"collection":[{"href":"https:\/\/damwatchinternational.org\/es\/wp-json\/wp\/v2\/pages"}],"about":[{"href":"https:\/\/damwatchinternational.org\/es\/wp-json\/wp\/v2\/types\/page"}],"author":[{"embeddable":true,"href":"https:\/\/damwatchinternational.org\/es\/wp-json\/wp\/v2\/users\/1"}],"replies":[{"embeddable":true,"href":"https:\/\/damwatchinternational.org\/es\/wp-json\/wp\/v2\/comments?post=909"}],"version-history":[{"count":5,"href":"https:\/\/damwatchinternational.org\/es\/wp-json\/wp\/v2\/pages\/909\/revisions"}],"predecessor-version":[{"id":950,"href":"https:\/\/damwatchinternational.org\/es\/wp-json\/wp\/v2\/pages\/909\/revisions\/950"}],"up":[{"embeddable":true,"href":"https:\/\/damwatchinternational.org\/es\/wp-json\/wp\/v2\/pages\/849"}],"wp:attachment":[{"href":"https:\/\/damwatchinternational.org\/es\/wp-json\/wp\/v2\/media?parent=909"}],"curies":[{"name":"wp","href":"https:\/\/api.w.org\/{rel}","templated":true}]}}