{"id":903,"date":"2020-08-26T20:19:01","date_gmt":"2020-08-26T20:19:01","guid":{"rendered":"https:\/\/damwatchinternational.org\/?page_id=903"},"modified":"2020-08-27T20:40:45","modified_gmt":"2020-08-27T20:40:45","slug":"campanas-actuales","status":"publish","type":"page","link":"https:\/\/damwatchinternational.org\/es\/actue\/campanas-actuales\/","title":{"rendered":"Campa\u00f1as Actuales"},"content":{"rendered":"<body><div id=\"pl-gb903-69e04e90110f1\" class=\"panel-layout\"><div id=\"pg-gb903-69e04e90110f1-0\" class=\"panel-grid panel-no-style\"><div id=\"pgc-gb903-69e04e90110f1-0-0\" class=\"panel-grid-cell\"><div id=\"panel-gb903-69e04e90110f1-0-0-0\" class=\"so-panel widget widget_featured-projects-widget panel-first-child\" data-index=\"0\"><div class=\"so-widget-featured-projects-widget so-widget-featured-projects-widget-base\"><h2 class=\"title\">\n AM\u00c9RICA DEL NORTE (ISLA DE LAS TORTUGAS)<\/h2>\n<div class=\"row\">\n    <div class=\"col-md-6 col-sm-6 format-standard\">\n        <a href=\"https:\/\/damwatchinternational.org\/es\/project\/detenga-la-inundacion-intencional-de-la-nacion-cree-o-pipon-na-piwin\/\" class=\"featured-project-block media-box\">\n            <img decoding=\"async\" src=\"https:\/\/i0.wp.com\/damwatchinternational.org\/wp-content\/uploads\/2021\/06\/crd-v2-e1624891771998.png?resize=600%2C400&amp;ssl=1\" class=\"featured-image wp-post-image\" alt=\"\" loading=\"lazy\">            <span class=\"project-overlay\">\n                <span class=\"project-title\">Detenga la inundaci\u00f3n intencional de la naci\u00f3n Cree O-Pipon-Na-Piwin<\/span>\n                <span class=\"project-cat\">CAMPA\u00d1AS<\/span>            <\/span>\n        <\/a>\n    <\/div>\n        <div class=\"col-md-6 col-sm-6 format-standard\">\n        <a href=\"https:\/\/damwatchinternational.org\/es\/project\/new-england-clean-energy-connect-necec\/\" class=\"featured-project-block media-box\">\n            <img decoding=\"async\" src=\"https:\/\/i0.wp.com\/damwatchinternational.org\/wp-content\/uploads\/2020\/06\/New_England_Clean_Energy_Connect.png?resize=513%2C387&amp;ssl=1\" class=\"featured-image wp-post-image\" alt=\"\" srcset=\"https:\/\/i0.wp.com\/damwatchinternational.org\/wp-content\/uploads\/2020\/06\/New_England_Clean_Energy_Connect.png?w=513&amp;ssl=1 513w, https:\/\/i0.wp.com\/damwatchinternational.org\/wp-content\/uploads\/2020\/06\/New_England_Clean_Energy_Connect.png?resize=300%2C226&amp;ssl=1 300w\" sizes=\"(max-width: 513px) 100vw, 513px\" loading=\"lazy\">            <span class=\"project-overlay\">\n                <span class=\"project-title\">New England Clean Energy Connect (NECEC)<\/span>\n                <span class=\"project-cat\">CAMPA\u00d1AS<\/span>            <\/span>\n        <\/a>\n    <\/div>\n        <div class=\"col-md-6 col-sm-6 format-standard\">\n        <a href=\"https:\/\/damwatchinternational.org\/es\/project\/champlain-hudson-power-express-chpe\/\" class=\"featured-project-block media-box\">\n            <img decoding=\"async\" src=\"https:\/\/i0.wp.com\/damwatchinternational.org\/wp-content\/uploads\/2020\/06\/Champlain_Hudson_Power_Express.png?resize=513%2C387&amp;ssl=1\" class=\"featured-image wp-post-image\" alt=\"\" srcset=\"https:\/\/i0.wp.com\/damwatchinternational.org\/wp-content\/uploads\/2020\/06\/Champlain_Hudson_Power_Express.png?w=513&amp;ssl=1 513w, https:\/\/i0.wp.com\/damwatchinternational.org\/wp-content\/uploads\/2020\/06\/Champlain_Hudson_Power_Express.png?resize=300%2C226&amp;ssl=1 300w\" sizes=\"(max-width: 513px) 100vw, 513px\" loading=\"lazy\">            <span class=\"project-overlay\">\n                <span class=\"project-title\">Champlain Hudson Power Express (CHPE)<\/span>\n                <span class=\"project-cat\">CAMPA\u00d1AS<\/span>            <\/span>\n        <\/a>\n    <\/div>\n    <\/div>\n<\/div><\/div><div id=\"panel-gb903-69e04e90110f1-0-0-1\" class=\"so-panel widget widget_black-studio-tinymce widget_black_studio_tinymce panel-last-child\" data-index=\"1\"><div class=\"textwidget\"><p>Si tiene una campa\u00f1a para compartir, por favor env\u00edenos un correo electr\u00f3nico a <span style=\"color: #dba245;\"><a style=\"color: #dba245;\" href=\"mailto:info@damwatchinternational.org\">info@damwatchinternational.org<\/a>\u00a0<\/span>o llene el formulario de contacto<a href=\"https:\/\/damwatchinternational.org\/es\/contacto\/\"> aqu\u00ed<\/a>.\u00a0<\/p>\n<\/div><\/div><\/div><\/div><\/div><\/body>","protected":false},"excerpt":{"rendered":"","protected":false},"author":1,"featured_media":0,"parent":849,"menu_order":0,"comment_status":"closed","ping_status":"closed","template":"","meta":{"_acf_changed":false,"om_disable_all_campaigns":false,"_monsterinsights_skip_tracking":false,"_monsterinsights_sitenote_active":false,"_monsterinsights_sitenote_note":"","_monsterinsights_sitenote_category":0,"footnotes":""},"class_list":["post-903","page","type-page","status-publish","hentry"],"acf":[],"jetpack_sharing_enabled":true,"_links":{"self":[{"href":"https:\/\/damwatchinternational.org\/es\/wp-json\/wp\/v2\/pages\/903","targetHints":{"allow":["GET"]}}],"collection":[{"href":"https:\/\/damwatchinternational.org\/es\/wp-json\/wp\/v2\/pages"}],"about":[{"href":"https:\/\/damwatchinternational.org\/es\/wp-json\/wp\/v2\/types\/page"}],"author":[{"embeddable":true,"href":"https:\/\/damwatchinternational.org\/es\/wp-json\/wp\/v2\/users\/1"}],"replies":[{"embeddable":true,"href":"https:\/\/damwatchinternational.org\/es\/wp-json\/wp\/v2\/comments?post=903"}],"version-history":[{"count":3,"href":"https:\/\/damwatchinternational.org\/es\/wp-json\/wp\/v2\/pages\/903\/revisions"}],"predecessor-version":[{"id":949,"href":"https:\/\/damwatchinternational.org\/es\/wp-json\/wp\/v2\/pages\/903\/revisions\/949"}],"up":[{"embeddable":true,"href":"https:\/\/damwatchinternational.org\/es\/wp-json\/wp\/v2\/pages\/849"}],"wp:attachment":[{"href":"https:\/\/damwatchinternational.org\/es\/wp-json\/wp\/v2\/media?parent=903"}],"curies":[{"name":"wp","href":"https:\/\/api.w.org\/{rel}","templated":true}]}}