{"id":896,"date":"2020-08-26T19:55:08","date_gmt":"2020-08-26T19:55:08","guid":{"rendered":"https:\/\/damwatchinternational.org\/?page_id=896"},"modified":"2020-08-27T20:39:27","modified_gmt":"2020-08-27T20:39:27","slug":"herramientas","status":"publish","type":"page","link":"https:\/\/damwatchinternational.org\/es\/recursos\/herramientas\/","title":{"rendered":"Herramientas"},"content":{"rendered":"<body><div id=\"pl-gb896-69e03ca0b98a8\" class=\"panel-layout\"><div id=\"pg-gb896-69e03ca0b98a8-0\" class=\"panel-grid panel-no-style\"><div id=\"pgc-gb896-69e03ca0b98a8-0-0\" class=\"panel-grid-cell\"><div id=\"panel-gb896-69e03ca0b98a8-0-0-0\" class=\"so-panel widget widget_black-studio-tinymce widget_black_studio_tinymce panel-first-child panel-last-child\" data-index=\"0\"><div class=\"textwidget\"><p><a href=\"http:\/\/hydroimpacted.ca\/immediate-actions\/\"><img decoding=\"async\" data-recalc-dims=\"1\" class=\"alignleft wp-image-416 size-medium\" src=\"https:\/\/i0.wp.com\/damwatchinternational.org\/wp-content\/uploads\/2020\/07\/community-action-package.png?resize=232%2C300&amp;ssl=1\" alt=\"\" width=\"232\" height=\"300\" loading=\"lazy\" srcset=\"https:\/\/i0.wp.com\/damwatchinternational.org\/wp-content\/uploads\/2020\/07\/community-action-package.png?w=920&amp;ssl=1 920w, https:\/\/i0.wp.com\/damwatchinternational.org\/wp-content\/uploads\/2020\/07\/community-action-package.png?resize=232%2C300&amp;ssl=1 232w, https:\/\/i0.wp.com\/damwatchinternational.org\/wp-content\/uploads\/2020\/07\/community-action-package.png?resize=792%2C1024&amp;ssl=1 792w, https:\/\/i0.wp.com\/damwatchinternational.org\/wp-content\/uploads\/2020\/07\/community-action-package.png?resize=768%2C993&amp;ssl=1 768w\" sizes=\"auto, (max-width: 232px) 100vw, 232px\" \/><\/a>Hay muchas formas diferentes de participar en la acci\u00f3n comunitaria. El dossier de Acci\u00f3n Comunitaria de Wa Ni Ska Tan que se encuentra<a href=\"https:\/\/damwatchinternational.org\/es\/actue\/campanas-actuales\/\"> aqu\u00ed<\/a>, es una excelente gu\u00eda para escribir cartas, organizar eventos y participar en campa\u00f1as locales.<\/p>\n<h3>\u00a1Est\u00e9 atento a los pr\u00f3ximos contenidos!<\/h3>\n<p>Si tienes herramientas para compartir, por favor contacta con <span style=\"color: #dba245;\"><a style=\"color: #dba245;\" href=\"mailto:info@damwatchinternational.org\">info@damwatchinternational.org<\/a><\/span> o rellena el formulario de contacto<a href=\"https:\/\/damwatchinternational.org\/es\/contacto\/\"> aqu\u00ed<\/a>.<\/p>\n<\/div><\/div><\/div><\/div><\/div><\/body>","protected":false},"excerpt":{"rendered":"<p>Hay muchas formas diferentes de participar en la acci\u00f3n comunitaria. El dossier de Acci\u00f3n Comunitaria de Wa Ni Ska Tan que se encuentra aqu\u00ed, es una excelente gu\u00eda para escribir cartas, organizar eventos y participar en campa\u00f1as locales. \u00a1Est\u00e9 atento a los pr\u00f3ximos contenidos! Si tienes herramientas para compartir, por favor contacta con info@damwatchinternational.org o [&hellip;]<\/p>\n","protected":false},"author":1,"featured_media":0,"parent":863,"menu_order":0,"comment_status":"closed","ping_status":"closed","template":"","meta":{"_acf_changed":false,"om_disable_all_campaigns":false,"_monsterinsights_skip_tracking":false,"_monsterinsights_sitenote_active":false,"_monsterinsights_sitenote_note":"","_monsterinsights_sitenote_category":0,"footnotes":""},"class_list":["post-896","page","type-page","status-publish","hentry"],"acf":[],"jetpack_sharing_enabled":true,"_links":{"self":[{"href":"https:\/\/damwatchinternational.org\/es\/wp-json\/wp\/v2\/pages\/896","targetHints":{"allow":["GET"]}}],"collection":[{"href":"https:\/\/damwatchinternational.org\/es\/wp-json\/wp\/v2\/pages"}],"about":[{"href":"https:\/\/damwatchinternational.org\/es\/wp-json\/wp\/v2\/types\/page"}],"author":[{"embeddable":true,"href":"https:\/\/damwatchinternational.org\/es\/wp-json\/wp\/v2\/users\/1"}],"replies":[{"embeddable":true,"href":"https:\/\/damwatchinternational.org\/es\/wp-json\/wp\/v2\/comments?post=896"}],"version-history":[{"count":2,"href":"https:\/\/damwatchinternational.org\/es\/wp-json\/wp\/v2\/pages\/896\/revisions"}],"predecessor-version":[{"id":948,"href":"https:\/\/damwatchinternational.org\/es\/wp-json\/wp\/v2\/pages\/896\/revisions\/948"}],"up":[{"embeddable":true,"href":"https:\/\/damwatchinternational.org\/es\/wp-json\/wp\/v2\/pages\/863"}],"wp:attachment":[{"href":"https:\/\/damwatchinternational.org\/es\/wp-json\/wp\/v2\/media?parent=896"}],"curies":[{"name":"wp","href":"https:\/\/api.w.org\/{rel}","templated":true}]}}