{"id":748,"date":"2020-08-24T21:28:03","date_gmt":"2020-08-24T21:28:03","guid":{"rendered":"https:\/\/damwatchinternational.org\/?page_id=748"},"modified":"2021-08-23T16:07:04","modified_gmt":"2021-08-23T16:07:04","slug":"dam-watch-international","status":"publish","type":"page","link":"https:\/\/damwatchinternational.org\/es\/quienes-somos\/dam-watch-international\/","title":{"rendered":"Dam Watch International"},"content":{"rendered":"<body><div class=\"wp-block-siteorigin-panels-layout-block\">\r\n<div id=\"pl-28\" class=\"panel-layout\">\r\n<div id=\"pg-28-0\" class=\"panel-grid panel-no-style\">\r\n<div id=\"pgc-28-0-0\" class=\"panel-grid-cell\">\r\n<div id=\"panel-28-0-0-0\" class=\"so-panel widget widget_black-studio-tinymce widget_black_studio_tinymce panel-first-child panel-last-child\" data-index=\"0\">\r\n<div class=\"textwidget\">\r\n<h3><strong>Dam Watch International (DWI) es una creciente red de alianzas internacionales de comunidades que han sido afectadas por los impactos ambientales de las represas, investigadores, activistas, artistas, defensores y organizaciones medioambientales y de justicia social.<\/strong><\/h3>\r\n<p>En noviembre de 2019, la <span style=\"color: #dba245;\"><a style=\"color: #dba245;\" href=\"http:\/\/hydroimpacted.ca\" target=\"_blank\" rel=\"noopener noreferrer\">Wa Ni Ska Tan: An Alliance of Hydro-Impacted Communities<\/a><\/span> organiz\u00f3 la denominada\u00a0 <span style=\"color: #dba245;\"><a style=\"color: #dba245;\" href=\"http:\/\/hydroimpacted.ca\/2019-conference-new-page-draft\/\">\u201c<\/a><a style=\"color: #dba245;\" href=\"http:\/\/hydroimpacted.ca\/2019-conference-new-page-draft\/\" target=\"_blank\" rel=\"noopener noreferrer\">Ki T<span style=\"color: #dba245;\">a<\/span> Ski Naw\u201d: nuestra tierra<\/a><\/span>, una conferencia internacional en el Territorio del Tratado 1 (m\u00e1s conocido como Winnipeg, Manitoba, Canad\u00e1). Esta reuni\u00f3n concentr\u00f3 a m\u00e1s de 200 miembros y aliados de comunidades ind\u00edgenas, investigadores, artistas, activistas y defensores de todas partes del mundo, para un fin de semana de ense\u00f1anza, intercambio y vinculaci\u00f3n. Las conversaciones y presentaciones revelaron que los impactos del avance de las represas hidroel\u00e9ctricas van en aumento dentro de comunidades de todos los continentes. Sin embargo, estas comunidades a menudo operan de manera solitaria, aisladas unas de otras, en la misma lucha contra las corporaciones. Por ese motivo, en los meses posteriores al <em>Ki Ta Ski Naw<\/em>, DWI surgi\u00f3 como una red de redes, con el objetivo de proporcionar un espacio centralizado para un mayor intercambio de recursos, documentaci\u00f3n de historias y construcci\u00f3n de conexiones entre las redes de los movimientos sociales anti represas.\u00a0<\/p>\r\n<p><strong><span style=\"color: #2f93c8;\"><a style=\"color: #2f93c8;\" href=\"https:\/\/damwatchinternational.org\/wp-content\/uploads\/2021\/08\/DWI-Vision-Document-July-2021_Spanish-draft-pages.pdf\" target=\"_blank\" rel=\"noopener\">DWI documento de visi\u00f3n<\/a><\/span><\/strong><\/p>\r\n<p><img data-recalc-dims=\"1\" decoding=\"async\" width=\"680\" height=\"283\" class=\"alignleft size-full wp-image-819\" src=\"https:\/\/i0.wp.com\/damwatchinternational.org\/wp-content\/uploads\/2020\/06\/dam_watch_international_2.jpg?resize=680%2C283&#038;ssl=1\" alt=\"\" loading=\"lazy\" srcset=\"https:\/\/i0.wp.com\/damwatchinternational.org\/wp-content\/uploads\/2020\/06\/dam_watch_international_2.jpg?w=2000&amp;ssl=1 2000w, https:\/\/i0.wp.com\/damwatchinternational.org\/wp-content\/uploads\/2020\/06\/dam_watch_international_2.jpg?resize=300%2C125&amp;ssl=1 300w, https:\/\/i0.wp.com\/damwatchinternational.org\/wp-content\/uploads\/2020\/06\/dam_watch_international_2.jpg?resize=1024%2C426&amp;ssl=1 1024w, https:\/\/i0.wp.com\/damwatchinternational.org\/wp-content\/uploads\/2020\/06\/dam_watch_international_2.jpg?resize=768%2C320&amp;ssl=1 768w, https:\/\/i0.wp.com\/damwatchinternational.org\/wp-content\/uploads\/2020\/06\/dam_watch_international_2.jpg?resize=1536%2C640&amp;ssl=1 1536w, https:\/\/i0.wp.com\/damwatchinternational.org\/wp-content\/uploads\/2020\/06\/dam_watch_international_2.jpg?resize=958%2C399&amp;ssl=1 958w, https:\/\/i0.wp.com\/damwatchinternational.org\/wp-content\/uploads\/2020\/06\/dam_watch_international_2.jpg?w=1360&amp;ssl=1 1360w\" sizes=\"auto, (max-width: 680px) 100vw, 680px\" \/><\/p>\r\n<\/div>\r\n<\/div>\r\n<\/div>\r\n<\/div>\r\n<\/div>\r\n<\/div>\r\n\r\n<p>\u00a0<\/p>\r\n<p>Gracias a nuestros patrocinadores:<\/p>\r\n<p><img data-recalc-dims=\"1\" decoding=\"async\" class=\"alignnone wp-image-1909\" src=\"https:\/\/i0.wp.com\/damwatchinternational.org\/wp-content\/uploads\/2021\/04\/Wa-Ni-Ska-Tan_Hydro_V_4c-1.jpg?resize=67%2C71&#038;ssl=1\" alt=\"\" width=\"67\" height=\"71\" loading=\"lazy\"><img data-recalc-dims=\"1\" decoding=\"async\" class=\"alignnone wp-image-1900\" src=\"https:\/\/i0.wp.com\/damwatchinternational.org\/wp-content\/uploads\/2021\/04\/UM_Logo_VERT.jpg?resize=59%2C71&#038;ssl=1\" alt=\"\" width=\"59\" height=\"71\" loading=\"lazy\"><img data-recalc-dims=\"1\" decoding=\"async\" class=\"alignnone wp-image-1894\" src=\"https:\/\/i0.wp.com\/damwatchinternational.org\/wp-content\/uploads\/2021\/04\/ECL_Logo.jpeg?resize=150%2C71&#038;ssl=1\" alt=\"\" width=\"150\" height=\"71\" loading=\"lazy\" srcset=\"https:\/\/i0.wp.com\/damwatchinternational.org\/wp-content\/uploads\/2021\/04\/ECL_Logo.jpeg?resize=300%2C142&amp;ssl=1 300w, https:\/\/i0.wp.com\/damwatchinternational.org\/wp-content\/uploads\/2021\/04\/ECL_Logo.jpeg?resize=1024%2C484&amp;ssl=1 1024w, https:\/\/i0.wp.com\/damwatchinternational.org\/wp-content\/uploads\/2021\/04\/ECL_Logo.jpeg?resize=768%2C363&amp;ssl=1 768w, https:\/\/i0.wp.com\/damwatchinternational.org\/wp-content\/uploads\/2021\/04\/ECL_Logo.jpeg?resize=1536%2C725&amp;ssl=1 1536w, https:\/\/i0.wp.com\/damwatchinternational.org\/wp-content\/uploads\/2021\/04\/ECL_Logo.jpeg?resize=958%2C452&amp;ssl=1 958w, https:\/\/i0.wp.com\/damwatchinternational.org\/wp-content\/uploads\/2021\/04\/ECL_Logo.jpeg?w=1563&amp;ssl=1 1563w, https:\/\/i0.wp.com\/damwatchinternational.org\/wp-content\/uploads\/2021\/04\/ECL_Logo.jpeg?w=1360&amp;ssl=1 1360w\" sizes=\"auto, (max-width: 150px) 100vw, 150px\" \/><img data-recalc-dims=\"1\" decoding=\"async\" width=\"300\" height=\"13\" class=\"alignnone size-medium wp-image-1897\" src=\"https:\/\/i0.wp.com\/damwatchinternational.org\/wp-content\/uploads\/2021\/04\/SSHRC-CRSH_Logo.jpg?resize=300%2C13&#038;ssl=1\" alt=\"\" loading=\"lazy\" srcset=\"https:\/\/i0.wp.com\/damwatchinternational.org\/wp-content\/uploads\/2021\/04\/SSHRC-CRSH_Logo.jpg?resize=300%2C13&amp;ssl=1 300w, https:\/\/i0.wp.com\/damwatchinternational.org\/wp-content\/uploads\/2021\/04\/SSHRC-CRSH_Logo.jpg?resize=1024%2C43&amp;ssl=1 1024w, https:\/\/i0.wp.com\/damwatchinternational.org\/wp-content\/uploads\/2021\/04\/SSHRC-CRSH_Logo.jpg?resize=768%2C32&amp;ssl=1 768w, https:\/\/i0.wp.com\/damwatchinternational.org\/wp-content\/uploads\/2021\/04\/SSHRC-CRSH_Logo.jpg?resize=958%2C40&amp;ssl=1 958w, https:\/\/i0.wp.com\/damwatchinternational.org\/wp-content\/uploads\/2021\/04\/SSHRC-CRSH_Logo.jpg?w=1507&amp;ssl=1 1507w, https:\/\/i0.wp.com\/damwatchinternational.org\/wp-content\/uploads\/2021\/04\/SSHRC-CRSH_Logo.jpg?w=1360&amp;ssl=1 1360w\" sizes=\"auto, (max-width: 300px) 100vw, 300px\" \/> \u00a0<\/p>\r\n<\/body>","protected":false},"excerpt":{"rendered":"<p>Dam Watch International (DWI) es una creciente red de alianzas internacionales de comunidades que han sido afectadas por los impactos ambientales de las represas, investigadores, activistas, artistas, defensores y organizaciones medioambientales y de justicia social. En noviembre de 2019, la Wa Ni Ska Tan: An Alliance of Hydro-Impacted Communities organiz\u00f3 la denominada\u00a0 \u201cKi Ta Ski [&hellip;]<\/p>\n","protected":false},"author":1,"featured_media":0,"parent":743,"menu_order":0,"comment_status":"closed","ping_status":"closed","template":"","meta":{"_acf_changed":false,"om_disable_all_campaigns":false,"_monsterinsights_skip_tracking":false,"_monsterinsights_sitenote_active":false,"_monsterinsights_sitenote_note":"","_monsterinsights_sitenote_category":0,"footnotes":""},"class_list":["post-748","page","type-page","status-publish","hentry"],"acf":[],"jetpack_sharing_enabled":true,"_links":{"self":[{"href":"https:\/\/damwatchinternational.org\/es\/wp-json\/wp\/v2\/pages\/748","targetHints":{"allow":["GET"]}}],"collection":[{"href":"https:\/\/damwatchinternational.org\/es\/wp-json\/wp\/v2\/pages"}],"about":[{"href":"https:\/\/damwatchinternational.org\/es\/wp-json\/wp\/v2\/types\/page"}],"author":[{"embeddable":true,"href":"https:\/\/damwatchinternational.org\/es\/wp-json\/wp\/v2\/users\/1"}],"replies":[{"embeddable":true,"href":"https:\/\/damwatchinternational.org\/es\/wp-json\/wp\/v2\/comments?post=748"}],"version-history":[{"count":5,"href":"https:\/\/damwatchinternational.org\/es\/wp-json\/wp\/v2\/pages\/748\/revisions"}],"predecessor-version":[{"id":2196,"href":"https:\/\/damwatchinternational.org\/es\/wp-json\/wp\/v2\/pages\/748\/revisions\/2196"}],"up":[{"embeddable":true,"href":"https:\/\/damwatchinternational.org\/es\/wp-json\/wp\/v2\/pages\/743"}],"wp:attachment":[{"href":"https:\/\/damwatchinternational.org\/es\/wp-json\/wp\/v2\/media?parent=748"}],"curies":[{"name":"wp","href":"https:\/\/api.w.org\/{rel}","templated":true}]}}