{"id":2117,"date":"2021-06-17T20:08:55","date_gmt":"2021-06-17T20:08:55","guid":{"rendered":"https:\/\/damwatchinternational.org\/recursos\/e-newsletters\/"},"modified":"2021-07-14T18:24:13","modified_gmt":"2021-07-14T18:24:13","slug":"e-newsletters","status":"publish","type":"page","link":"https:\/\/damwatchinternational.org\/es\/recursos\/e-newsletters\/","title":{"rendered":"Bolet\u00edn electr\u00f3nico"},"content":{"rendered":"<body><div id=\"pl-2117\" class=\"panel-layout\"><div id=\"pg-2117-0\" class=\"panel-grid panel-no-style\"><div id=\"pgc-2117-0-0\" class=\"panel-grid-cell\"><div id=\"panel-2117-0-0-0\" class=\"so-panel widget widget_sow-editor panel-first-child panel-last-child\" data-index=\"0\"><div class=\"so-widget-sow-editor so-widget-sow-editor-base\">\n<div class=\"siteorigin-widget-tinymce textwidget\">\n\t<p><\/p>\n<p>Nuestro bolet\u00edn electr\u00f3nico presenta historias, noticias, eventos y oportunidades de nuestra red en todo el mundo. Aceptamos env\u00edos de contenido relacionado con la instalaci\u00f3n de represas y las respuestas de las comunidades. Para enviar nuestro bolet\u00edn electr\u00f3nico, env\u00edenos un correo electr\u00f3nico a: <span style=\"color: #2f93c8;\">info@damwatchinternational.org.<\/span>\u00a0Consulte nuestras ediciones anteriores o reg\u00edstrese a continuaci\u00f3n.<\/p>\n<p><\/p>\n<\/div>\n<\/div><\/div><\/div><\/div><div id=\"pg-2117-1\" class=\"panel-grid panel-no-style\"><div id=\"pgc-2117-1-0\" class=\"panel-grid-cell\"><div id=\"panel-2117-1-0-0\" class=\"so-panel widget widget_sow-editor panel-first-child\" data-index=\"1\"><div class=\"so-widget-sow-editor so-widget-sow-editor-base\">\n<div class=\"siteorigin-widget-tinymce textwidget\">\n\t<p><\/p>\n<h4><span lang=\"ES-PY\">BOLET\u00cdN NO.2- MAYO 18, 2021<\/span><\/h4>\n<p><a href=\"https:\/\/mailchi.mp\/34db60dd8f79\/boletn-de-mayo\" target=\"_blank\" rel=\"noopener\"><img data-recalc-dims=\"1\" loading=\"lazy\" decoding=\"async\" class=\"wp-image-2011 size-medium\" src=\"https:\/\/i0.wp.com\/damwatchinternational.org\/wp-content\/uploads\/2021\/06\/Screen-Shot-2021-06-17-at-2.15.36-PM-e1623958179907-300x260.png?resize=300%2C260&amp;ssl=1\" alt=\"\" width=\"300\" height=\"260\" srcset=\"https:\/\/i0.wp.com\/damwatchinternational.org\/wp-content\/uploads\/2021\/06\/Screen-Shot-2021-06-17-at-2.15.36-PM-e1623958179907.png?resize=300%2C260&amp;ssl=1 300w, https:\/\/i0.wp.com\/damwatchinternational.org\/wp-content\/uploads\/2021\/06\/Screen-Shot-2021-06-17-at-2.15.36-PM-e1623958179907.png?resize=1024%2C888&amp;ssl=1 1024w, https:\/\/i0.wp.com\/damwatchinternational.org\/wp-content\/uploads\/2021\/06\/Screen-Shot-2021-06-17-at-2.15.36-PM-e1623958179907.png?resize=768%2C666&amp;ssl=1 768w, https:\/\/i0.wp.com\/damwatchinternational.org\/wp-content\/uploads\/2021\/06\/Screen-Shot-2021-06-17-at-2.15.36-PM-e1623958179907.png?resize=958%2C831&amp;ssl=1 958w, https:\/\/i0.wp.com\/damwatchinternational.org\/wp-content\/uploads\/2021\/06\/Screen-Shot-2021-06-17-at-2.15.36-PM-e1623958179907.png?w=1132&amp;ssl=1 1132w\" sizes=\"auto, (max-width: 300px) 100vw, 300px\"><\/a><\/p>\n<p>\u00a0<\/p>\n<p><\/p>\n<\/div>\n<\/div><\/div><div id=\"panel-2117-1-0-1\" class=\"so-panel widget widget_sow-editor panel-last-child\" data-index=\"2\"><div class=\"so-widget-sow-editor so-widget-sow-editor-base\">\n<div class=\"siteorigin-widget-tinymce textwidget\">\n\t<p><\/p>\n<p><!-- Begin Mailchimp Signup Form --><\/p>\n<div id=\"mc_embed_signup\">\n<form id=\"mc-embedded-subscribe-form\" class=\"validate\" action=\"https:\/\/hydroallaince.us1.list-manage.com\/subscribe\/post?u=053b62279527762e49168989c&amp;id=fbb45ddb85\" method=\"post\" name=\"mc-embedded-subscribe-form\" novalidate=\"\" target=\"_blank\">\n<div id=\"mc_embed_signup_scroll\">\n<h3>\u00a1\u00danase a nuestra lista de boletines electr\u00f3nicos para obtener historias, noticias y oportunidades!<\/h3>\n<div class=\"indicates-required\"><span class=\"asterisk\">*<\/span> indicates required<\/div>\n<div class=\"mc-field-group\"><label for=\"mce-EMAIL\">Email Address <span class=\"asterisk\">*<\/span><br>\n<\/label><br>\n<input id=\"mce-EMAIL\" class=\"required email\" name=\"EMAIL\" type=\"email\" value=\"\"><\/div>\n<div class=\"mc-field-group\"><label for=\"mce-FNAME\">First Name <span class=\"asterisk\">*<\/span><br>\n<\/label><br>\n<input id=\"mce-FNAME\" class=\"required\" name=\"FNAME\" type=\"text\" value=\"\"><\/div>\n<div class=\"mc-field-group\"><label for=\"mce-LNAME\">Last Name <span class=\"asterisk\">*<\/span><br>\n<\/label><br>\n<input id=\"mce-LNAME\" class=\"required\" name=\"LNAME\" type=\"text\" value=\"\"><\/div>\n<div id=\"mce-responses\" class=\"clear\">\n<div id=\"mce-error-response\" class=\"response\" style=\"display: none;\"><\/div>\n<div id=\"mce-success-response\" class=\"response\" style=\"display: none;\"><\/div>\n<\/div>\n<p><!-- real people should not fill this in and expect good things - do not remove this or risk form bot signups--><\/p>\n<div style=\"position: absolute; left: -5000px;\" aria-hidden=\"true\"><input tabindex=\"-1\" name=\"b_053b62279527762e49168989c_fbb45ddb85\" type=\"text\" value=\"\"><\/div>\n<div class=\"clear\"><input id=\"mc-embedded-subscribe\" class=\"button\" name=\"subscribe\" type=\"submit\" value=\"Subscribe\"><\/div>\n<\/div>\n<\/form>\n<\/div>\n<p><script type=\"text\/javascript\" src=\"\/\/s3.amazonaws.com\/downloads.mailchimp.com\/js\/mc-validate.js\"><\/script><script type=\"text\/javascript\">(function($) {window.fnames = new Array(); window.ftypes = new Array();fnames[0]='EMAIL';ftypes[0]='email';fnames[1]='FNAME';ftypes[1]='text';fnames[2]='LNAME';ftypes[2]='text';fnames[3]='ADDRESS';ftypes[3]='address';fnames[4]='PHONE';ftypes[4]='phone';}(jQuery));var $mcj = jQuery.noConflict(true);<\/script><br>\n<!--End mc_embed_signup--><\/p>\n<p><\/p>\n<\/div>\n<\/div><\/div><\/div><div id=\"pgc-2117-1-1\" class=\"panel-grid-cell\"><div id=\"panel-2117-1-1-0\" class=\"so-panel widget widget_sow-editor panel-first-child panel-last-child\" data-index=\"3\"><div class=\"so-widget-sow-editor so-widget-sow-editor-base\">\n<div class=\"siteorigin-widget-tinymce textwidget\">\n\t<p><\/p>\n<h4><span lang=\"ES-PY\">BOLET\u00cdN NO.1- MARZO 22, 2021<\/span><\/h4>\n<p><a href=\"https:\/\/mailchi.mp\/6c23d4603242\/dam-watch-international-boletin-informativo-1\" target=\"_blank\" rel=\"noopener\"><img data-recalc-dims=\"1\" loading=\"lazy\" decoding=\"async\" class=\"wp-image-2007 size-medium\" src=\"https:\/\/i0.wp.com\/damwatchinternational.org\/wp-content\/uploads\/2021\/06\/Screen-Shot-2021-06-17-at-2.11.30-PM.png?resize=300%2C264&amp;ssl=1\" alt=\"\" width=\"300\" height=\"264\" srcset=\"https:\/\/i0.wp.com\/damwatchinternational.org\/wp-content\/uploads\/2021\/06\/Screen-Shot-2021-06-17-at-2.11.30-PM.png?resize=300%2C264&amp;ssl=1 300w, https:\/\/i0.wp.com\/damwatchinternational.org\/wp-content\/uploads\/2021\/06\/Screen-Shot-2021-06-17-at-2.11.30-PM.png?resize=1024%2C902&amp;ssl=1 1024w, https:\/\/i0.wp.com\/damwatchinternational.org\/wp-content\/uploads\/2021\/06\/Screen-Shot-2021-06-17-at-2.11.30-PM.png?resize=768%2C676&amp;ssl=1 768w, https:\/\/i0.wp.com\/damwatchinternational.org\/wp-content\/uploads\/2021\/06\/Screen-Shot-2021-06-17-at-2.11.30-PM.png?resize=958%2C844&amp;ssl=1 958w, https:\/\/i0.wp.com\/damwatchinternational.org\/wp-content\/uploads\/2021\/06\/Screen-Shot-2021-06-17-at-2.11.30-PM.png?w=1040&amp;ssl=1 1040w\" sizes=\"auto, (max-width: 300px) 100vw, 300px\"><\/a><\/p>\n<p>\u00a0<\/p>\n<p>\u00a0<\/p>\n<p>\u00a0<\/p>\n<p><\/p>\n<\/div>\n<\/div><\/div><\/div><\/div><\/div><\/body>","protected":false},"excerpt":{"rendered":"<p>Nuestro bolet\u00edn electr\u00f3nico presenta historias, noticias, eventos y oportunidades de nuestra red en todo el mundo. Aceptamos env\u00edos de contenido relacionado con la instalaci\u00f3n de represas y las respuestas de las comunidades. Para enviar nuestro bolet\u00edn electr\u00f3nico, env\u00edenos un correo electr\u00f3nico a: info@damwatchinternational.org.\u00a0Consulte nuestras ediciones anteriores o reg\u00edstrese a continuaci\u00f3n. BOLET\u00cdN NO.2- MAYO 18, 2021 [&hellip;]<\/p>\n","protected":false},"author":3,"featured_media":0,"parent":863,"menu_order":1,"comment_status":"closed","ping_status":"closed","template":"","meta":{"_acf_changed":false,"om_disable_all_campaigns":false,"_monsterinsights_skip_tracking":false,"_monsterinsights_sitenote_active":false,"_monsterinsights_sitenote_note":"","_monsterinsights_sitenote_category":0,"footnotes":""},"class_list":["post-2117","page","type-page","status-publish","hentry"],"acf":[],"jetpack_sharing_enabled":true,"_links":{"self":[{"href":"https:\/\/damwatchinternational.org\/es\/wp-json\/wp\/v2\/pages\/2117","targetHints":{"allow":["GET"]}}],"collection":[{"href":"https:\/\/damwatchinternational.org\/es\/wp-json\/wp\/v2\/pages"}],"about":[{"href":"https:\/\/damwatchinternational.org\/es\/wp-json\/wp\/v2\/types\/page"}],"author":[{"embeddable":true,"href":"https:\/\/damwatchinternational.org\/es\/wp-json\/wp\/v2\/users\/3"}],"replies":[{"embeddable":true,"href":"https:\/\/damwatchinternational.org\/es\/wp-json\/wp\/v2\/comments?post=2117"}],"version-history":[{"count":6,"href":"https:\/\/damwatchinternational.org\/es\/wp-json\/wp\/v2\/pages\/2117\/revisions"}],"predecessor-version":[{"id":2132,"href":"https:\/\/damwatchinternational.org\/es\/wp-json\/wp\/v2\/pages\/2117\/revisions\/2132"}],"up":[{"embeddable":true,"href":"https:\/\/damwatchinternational.org\/es\/wp-json\/wp\/v2\/pages\/863"}],"wp:attachment":[{"href":"https:\/\/damwatchinternational.org\/es\/wp-json\/wp\/v2\/media?parent=2117"}],"curies":[{"name":"wp","href":"https:\/\/api.w.org\/{rel}","templated":true}]}}